{"id":88743,"date":"2025-11-14T23:24:26","date_gmt":"2025-11-15T02:24:26","guid":{"rendered":"https:\/\/concertacaoamazonia.com.br\/?page_id=88003"},"modified":"2025-11-14T23:24:26","modified_gmt":"2025-11-15T02:24:26","slug":"estudos-sistemasagroalimentares","status":"publish","type":"page","link":"https:\/\/concertacaoamazonia.com.br\/en\/estudos-sistemasagroalimentares\/","title":{"rendered":"Sistemas Agroalimentares"},"content":{"rendered":"\t\t<div data-elementor-type=\"wp-page\" data-elementor-id=\"88743\" class=\"elementor elementor-88743\" data-elementor-post-type=\"page\">\n\t\t\t\t<div class=\"elementor-element elementor-element-1882aa7b e-flex e-con-boxed e-con e-parent\" data-id=\"1882aa7b\" data-element_type=\"container\" data-e-type=\"container\">\n\t\t\t\t\t<div class=\"e-con-inner\">\n\t\t<div class=\"elementor-element elementor-element-14265446 e-con-full e-flex e-con e-child\" data-id=\"14265446\" data-element_type=\"container\" data-e-type=\"container\">\n\t\t<div class=\"elementor-element elementor-element-16c8f1bb e-con-full e-flex e-con e-child\" data-id=\"16c8f1bb\" data-element_type=\"container\" data-e-type=\"container\">\n\t\t\t\t<div class=\"elementor-element elementor-element-56f9dd7e elementor-widget elementor-widget-image\" data-id=\"56f9dd7e\" data-element_type=\"widget\" data-e-type=\"widget\" data-widget_type=\"image.default\">\n\t\t\t\t\t\t\t\t\t\t\t\t\t\t\t<img loading=\"lazy\" decoding=\"async\" width=\"768\" height=\"1079\" src=\"https:\/\/concertacaoamazonia.com.br\/wp-content\/uploads\/2025\/08\/Caderno-sistema-agroalimentares-concertacao-768x1079.jpg\" class=\"attachment-medium_large size-medium_large wp-image-81248\" alt=\"\" srcset=\"https:\/\/concertacaoamazonia.com.br\/wp-content\/uploads\/2025\/08\/Caderno-sistema-agroalimentares-concertacao-768x1079.jpg 768w, https:\/\/concertacaoamazonia.com.br\/wp-content\/uploads\/2025\/08\/Caderno-sistema-agroalimentares-concertacao-214x300.jpg 214w, https:\/\/concertacaoamazonia.com.br\/wp-content\/uploads\/2025\/08\/Caderno-sistema-agroalimentares-concertacao-729x1024.jpg 729w, https:\/\/concertacaoamazonia.com.br\/wp-content\/uploads\/2025\/08\/Caderno-sistema-agroalimentares-concertacao-1093x1536.jpg 1093w, https:\/\/concertacaoamazonia.com.br\/wp-content\/uploads\/2025\/08\/Caderno-sistema-agroalimentares-concertacao.jpg 1153w\" sizes=\"auto, (max-width: 768px) 100vw, 768px\" loading=\"lazy\" \/>\t\t\t\t\t\t\t\t\t\t\t\t\t\t\t<\/div>\n\t\t<div class=\"elementor-element elementor-element-2eaa3ed9 e-con-full e-flex e-con e-child\" data-id=\"2eaa3ed9\" data-element_type=\"container\" data-e-type=\"container\">\n\t\t\t\t<div class=\"elementor-element elementor-element-1015e2e6 elementor-widget elementor-widget-heading\" data-id=\"1015e2e6\" data-element_type=\"widget\" data-e-type=\"widget\" data-widget_type=\"heading.default\">\n\t\t\t\t\t<h2 class=\"elementor-heading-title elementor-size-default\">Caderno de Recomenda\u00e7\u00f5es Sistemas Agroalimentares e Amaz\u00f4nias\n<\/h2>\t\t\t\t<\/div>\n\t\t\t\t<div class=\"elementor-element elementor-element-3d5576b1 elementor-widget elementor-widget-text-editor\" data-id=\"3d5576b1\" data-element_type=\"widget\" data-e-type=\"widget\" data-widget_type=\"text-editor.default\">\n\t\t\t\t\t\t\t\t\tCom base em an\u00e1lises e pr\u00e1ticas do territ\u00f3rio, o documento traz propostas para tornar os sistemas de produ\u00e7\u00e3o e consumo de alimentos na Amaz\u00f4nia mais justos e sustent\u00e1veis. Ele mostra como o modelo atual gera impactos negativos no clima, na natureza e nas pessoas, e indica solu\u00e7\u00f5es que unem boas pr\u00e1ticas j\u00e1 adotadas com inova\u00e7\u00f5es tecnol\u00f3gicas capazes de transformar a agropecu\u00e1ria em grande escala.\n\t\t\t\t\t\t\t\t<\/div>\n\t\t<div class=\"elementor-element elementor-element-116d6162 e-con-full e-flex e-con e-child\" data-id=\"116d6162\" data-element_type=\"container\" data-e-type=\"container\">\n\t\t\t\t<div class=\"elementor-element elementor-element-3ae58ee elementor-align-left elementor-tablet-align-left elementor-widget elementor-widget-jet-download-button\" data-id=\"3ae58ee\" data-element_type=\"widget\" data-e-type=\"widget\" data-widget_type=\"jet-download-button.default\">\n\t\t\t\t<div class=\"elementor-widget-container\">\n\t\t\t\t\t<div class=\"elementor-jet-download-button jet-elements\"><a class=\"elementor-button elementor-size-md jet-download jet-download-icon-position-right\" data-e-disable-page-transition=\"true\" href=\"https:\/\/concertacaoamazonia.com.br\/en\/?jet_download=3712513ff2cf6fe5b9151e59131188a5a5db1b59\" ><span class=\"jet-download__text\"><span class=\"jet-download__label\">Download<\/span><span class=\"jet-download__file-name\"><\/span><small class=\"jet-download__sub-label\">17 MB<\/small><\/span><\/a>\n<\/div>\t\t\t\t<\/div>\n\t\t\t\t<\/div>\n\t\t\t\t<\/div>\n\t\t\t\t<\/div>\n\t\t\t\t<\/div>\n\t\t<div class=\"elementor-element elementor-element-40b00e23 e-con-full e-flex e-con e-child\" data-id=\"40b00e23\" data-element_type=\"container\" data-e-type=\"container\">\n\t\t\t\t<div class=\"elementor-element elementor-element-5f5e38b9 elementor-widget elementor-widget-image\" data-id=\"5f5e38b9\" data-element_type=\"widget\" data-e-type=\"widget\" data-widget_type=\"image.default\">\n\t\t\t\t\t\t\t\t\t\t\t\t\t\t\t<img decoding=\"async\" src=\"https:\/\/concertacaoamazonia.com.br\/wp-content\/uploads\/2025\/11\/CAPA_livro-saga.jpg\" title=\"\" alt=\"\" loading=\"lazy\" \/>\t\t\t\t\t\t\t\t\t\t\t\t\t\t\t<\/div>\n\t\t<div class=\"elementor-element elementor-element-1d48a7ba e-con-full e-flex e-con e-child\" data-id=\"1d48a7ba\" data-element_type=\"container\" data-e-type=\"container\">\n\t\t\t\t<div class=\"elementor-element elementor-element-793fcdf8 elementor-widget elementor-widget-heading\" data-id=\"793fcdf8\" data-element_type=\"widget\" data-e-type=\"widget\" data-widget_type=\"heading.default\">\n\t\t\t\t\t<h2 class=\"elementor-heading-title elementor-size-default\">Livro Sistemas Agroalimentares e Amaz\u00f4nias<\/h2>\t\t\t\t<\/div>\n\t\t\t\t<div class=\"elementor-element elementor-element-75ec6647 elementor-widget elementor-widget-text-editor\" data-id=\"75ec6647\" data-element_type=\"widget\" data-e-type=\"widget\" data-widget_type=\"text-editor.default\">\n\t\t\t\t\t\t\t\t\t<p>A colet\u00e2nea parte de uma constata\u00e7\u00e3o alarmante: nas \u00faltimas quatro d\u00e9cadas, a r\u00e1pida e desordenada expans\u00e3o da pecu\u00e1ria e das monoculturas transformou o modelo agroalimentar da Amaz\u00f4nia Legal no principal vetor de desmatamento e de emiss\u00f5es de gases de efeito estufa no Brasil \u2014 al\u00e9m de se revelar incapaz de garantir seguran\u00e7a alimentar e nutricional \u00e0 popula\u00e7\u00e3o da regi\u00e3o.<\/p><p>Com abordagem sist\u00eamica e interdisciplinar, o livro busca contribuir para a identifica\u00e7\u00e3o de caminhos e solu\u00e7\u00f5es que impulsionam uma transi\u00e7\u00e3o justa e regenerativa dos sistemas agroalimentares amaz\u00f4nicos. Reunindo escutas territoriais e contribui\u00e7\u00f5es de 48 autores de diferentes \u00e1reas do conhecimento, o mutir\u00e3o multidisciplinar soma-se aos esfor\u00e7os pela transforma\u00e7\u00e3o socioecol\u00f3gica brasileira, fortalecendo o papel da Amaz\u00f4nia como parte essencial das respostas \u00e0 crise clim\u00e1tica e como ponto de alavancagem para uma transi\u00e7\u00e3o justa e sustent\u00e1vel dos sistemas agroalimentares globais.<\/p>\t\t\t\t\t\t\t\t<\/div>\n\t\t<div class=\"elementor-element elementor-element-765d975b e-con-full e-flex e-con e-child\" data-id=\"765d975b\" data-element_type=\"container\" data-e-type=\"container\">\n\t\t\t\t<div class=\"elementor-element elementor-element-1a48dc67 elementor-align-left elementor-tablet-align-left elementor-widget elementor-widget-jet-download-button\" data-id=\"1a48dc67\" data-element_type=\"widget\" data-e-type=\"widget\" data-widget_type=\"jet-download-button.default\">\n\t\t\t\t<div class=\"elementor-widget-container\">\n\t\t\t\t\t<div class=\"elementor-jet-download-button jet-elements\"><a class=\"elementor-button elementor-size-md jet-download jet-download-icon-position-right\" data-e-disable-page-transition=\"true\" href=\"https:\/\/concertacaoamazonia.com.br\/en\/?jet_download=6efe9a33d0a2d9c1bb599d694a43c80230c38155\" ><span class=\"jet-download__text\"><span class=\"jet-download__label\">Download<\/span><span class=\"jet-download__file-name\"><\/span><small class=\"jet-download__sub-label\"><\/small><\/span><\/a>\n<\/div>\t\t\t\t<\/div>\n\t\t\t\t<\/div>\n\t\t\t\t<\/div>\n\t\t\t\t<\/div>\n\t\t\t\t<\/div>\n\t\t\t\t<\/div>\n\t\t\t\t\t<\/div>\n\t\t\t\t<\/div>\n\t\t\t\t<\/div>\n\t\t","protected":false},"excerpt":{"rendered":"<p>Caderno de Recomenda\u00e7\u00f5es Sistemas Agroalimentares e Amaz\u00f4nias Com base em an\u00e1lises e pr\u00e1ticas do territ\u00f3rio, o documento traz propostas para tornar os sistemas de produ\u00e7\u00e3o e consumo de alimentos na [&hellip;]<\/p>\n","protected":false},"author":208,"featured_media":0,"parent":0,"menu_order":0,"comment_status":"closed","ping_status":"closed","template":"elementor_header_footer","meta":{"footnotes":""},"class_list":["post-88743","page","type-page","status-publish","hentry"],"_links":{"self":[{"href":"https:\/\/concertacaoamazonia.com.br\/en\/wp-json\/wp\/v2\/pages\/88743","targetHints":{"allow":["GET"]}}],"collection":[{"href":"https:\/\/concertacaoamazonia.com.br\/en\/wp-json\/wp\/v2\/pages"}],"about":[{"href":"https:\/\/concertacaoamazonia.com.br\/en\/wp-json\/wp\/v2\/types\/page"}],"author":[{"embeddable":true,"href":"https:\/\/concertacaoamazonia.com.br\/en\/wp-json\/wp\/v2\/users\/208"}],"replies":[{"embeddable":true,"href":"https:\/\/concertacaoamazonia.com.br\/en\/wp-json\/wp\/v2\/comments?post=88743"}],"version-history":[{"count":0,"href":"https:\/\/concertacaoamazonia.com.br\/en\/wp-json\/wp\/v2\/pages\/88743\/revisions"}],"wp:attachment":[{"href":"https:\/\/concertacaoamazonia.com.br\/en\/wp-json\/wp\/v2\/media?parent=88743"}],"curies":[{"name":"wp","href":"https:\/\/api.w.org\/{rel}","templated":true}]}}