{"id":63700,"date":"2024-12-02T11:05:43","date_gmt":"2024-12-02T14:05:43","guid":{"rendered":"https:\/\/concertacaoamazonia.com.br\/?page_id=63700"},"modified":"2025-04-23T10:10:04","modified_gmt":"2025-04-23T13:10:04","slug":"itinerarios-amazonicos-5","status":"publish","type":"page","link":"https:\/\/concertacaoamazonia.com.br\/en\/itinerarios-amazonicos-5\/","title":{"rendered":"Itiner\u00e1rios Amaz\u00f4nicos 5"},"content":{"rendered":"\t\t<div data-elementor-type=\"wp-page\" data-elementor-id=\"63700\" class=\"elementor elementor-63700\" data-elementor-post-type=\"page\">\n\t\t\t\t<div class=\"elementor-element elementor-element-71e6f6e e-flex e-con-boxed e-con e-parent\" data-id=\"71e6f6e\" data-element_type=\"container\" data-e-type=\"container\">\n\t\t\t\t\t<div class=\"e-con-inner\">\n\t\t\t\t\t<\/div>\n\t\t\t\t<\/div>\n\t\t<div class=\"elementor-element elementor-element-37fa2d1 e-flex e-con-boxed e-con e-parent\" data-id=\"37fa2d1\" data-element_type=\"container\" data-e-type=\"container\">\n\t\t\t\t\t<div class=\"e-con-inner\">\n\t\t<div class=\"elementor-element elementor-element-be6fda8 e-con-full e-flex e-con e-child\" data-id=\"be6fda8\" data-element_type=\"container\" data-e-type=\"container\">\n\t\t<div class=\"elementor-element elementor-element-79f4d9e e-flex e-con-boxed e-con e-child\" data-id=\"79f4d9e\" data-element_type=\"container\" data-e-type=\"container\">\n\t\t\t\t\t<div class=\"e-con-inner\">\n\t\t<div class=\"elementor-element elementor-element-26a369c e-flex e-con-boxed e-con e-child\" data-id=\"26a369c\" data-element_type=\"container\" data-e-type=\"container\">\n\t\t\t\t\t<div class=\"e-con-inner\">\n\t\t\t\t<div class=\"elementor-element elementor-element-e912f16 elementor-widget elementor-widget-heading\" data-id=\"e912f16\" data-element_type=\"widget\" data-e-type=\"widget\" data-widget_type=\"heading.default\">\n\t\t\t\t\t<h2 class=\"elementor-heading-title elementor-size-default\">Sabores e saberes: como a rotina alimentar revela identidades culturais na Amaz\u00f4nia\n<\/h2>\t\t\t\t<\/div>\n\t\t\t\t<div class=\"elementor-element elementor-element-3cb6d5e elementor-widget-divider--view-line elementor-widget elementor-widget-divider\" data-id=\"3cb6d5e\" data-element_type=\"widget\" data-e-type=\"widget\" data-widget_type=\"divider.default\">\n\t\t\t\t\t\t\t<div class=\"elementor-divider\">\n\t\t\t<span class=\"elementor-divider-separator\">\n\t\t\t\t\t\t<\/span>\n\t\t<\/div>\n\t\t\t\t\t\t<\/div>\n\t\t\t\t<div class=\"elementor-element elementor-element-72c9054 elementor-widget elementor-widget-text-editor\" data-id=\"72c9054\" data-element_type=\"widget\" data-e-type=\"widget\" data-widget_type=\"text-editor.default\">\n\t\t\t\t\t\t\t\t\t<blockquote><p>Ao aprender mais sobre a influ\u00eancia do conhecimento tradicional nos alimentos do cotidiano, alunos do Acre agu\u00e7aram o senso cr\u00edtico sobre a realidade da regi\u00e3o<\/p><\/blockquote>\t\t\t\t\t\t\t\t<\/div>\n\t\t\t\t<div class=\"elementor-element elementor-element-7579947 elementor-widget elementor-widget-text-editor\" data-id=\"7579947\" data-element_type=\"widget\" data-e-type=\"widget\" data-widget_type=\"text-editor.default\">\n\t\t\t\t\t\t\t\t\t<p>Direcionar os estudantes num processo rico de entendimento sobre suas identidades culturais e, assim, despertar um senso mais cr\u00edtico sobre a realidade ao redor. Este foi o principal objetivo da professora de Filosofia Fabiany Melo, de Rio Branco (AC), na condu\u00e7\u00e3o do programa&nbsp;<a href=\"https:\/\/itinerariosamazonicos.org.br\/\" target=\"_blank\">Itiner\u00e1rios Amaz\u00f4nicos<\/a>, com adolescentes do 1\u00ba e 2\u00ba anos do Ensino M\u00e9dio da Escola Professor Pedro Martinello.<\/p>\n<p>Para estimular a conscientiza\u00e7\u00e3o dos alunos sobre os problemas que a regi\u00e3o enfrenta, Fabiany uniu conhecimentos dos m\u00f3dulos de Ci\u00eancias da Natureza e Ci\u00eancias Humanas dos Itiner\u00e1rios Amaz\u00f4nicos e prop\u00f4s o projeto \u201cElementos da Natureza\u201d com foco espec\u00edfico nos alimentos t\u00edpicos da regi\u00e3o.<\/p>\n<p>Em entrevista \u00e0 Concerta\u00e7\u00e3o, ela conta que o maior desafio foi justamente a falta de conhecimento pr\u00e9vio dos estudantes sobre os elementos naturais e os fatores hist\u00f3ricos da alimenta\u00e7\u00e3o local. \u201cPor mais que a gente viva nesse ber\u00e7o amaz\u00f4nico, a maioria deles n\u00e3o tinha as informa\u00e7\u00f5es sobre o que de fato acontece na regi\u00e3o\u201d, conta.<\/p>\n<p>Para que pudessem come\u00e7ar a entender como as condi\u00e7\u00f5es da floresta impactam na disponibilidade de alimentos, os alunos precisaram antes se familiarizar com quest\u00f5es como as queimadas. A professora, ent\u00e3o, estimulou a reflex\u00e3o dos alunos, demonstrando que esses temas s\u00e3o relevantes \u201cn\u00e3o s\u00f3 para alimentos, mas em rela\u00e7\u00e3o a tudo aquilo que faz com que eles possam ter um futuro saud\u00e1vel e num ambiente que possa pelo menos ter um ar de qualidade\u201d.<\/p>\n<p>Fabiany observa tamb\u00e9m que, apesar de muitos jovens terem ascend\u00eancia ind\u00edgena e negra, desconheciam as contribui\u00e7\u00f5es dessas comunidades tradicionais para a alimenta\u00e7\u00e3o amaz\u00f4nida que perduram at\u00e9 hoje. Por isso, outro objetivo fundamental do trabalho foi apresentar aos estudantes que \u201ctodos esses alimentos amaz\u00f4nicos que s\u00e3o retirados da natureza cont\u00eam um trabalho ancestral hist\u00f3rico e filos\u00f3fico\u201d, comenta a professora.<\/p>\n<p>Para consolidar esses novos conhecimentos, os alunos desenvolveram um projeto marcado por uma parte te\u00f3rica, com a leitura de revistas, artigos e uso de jogos, mas tamb\u00e9m uma parte pr\u00e1tica, com uma pesquisa de campo, mapeando alimentos e folhagens t\u00edpicas da regi\u00e3o. Eles aprenderam como esses ingredientes s\u00e3o cultivados e, a partir dessas informa\u00e7\u00f5es, produziram ch\u00e1s e lambedores (xaropes caseiros) que foram apresentados para toda escola em um dos s\u00e1bados letivos do calend\u00e1rio escolar.<\/p>\n<p>O processo de transformar os alunos em protagonistas do aprendizado agora continua, \u00e0 medida que est\u00e3o se dedicando a cuidar da horta da escola. Para a professora, o principal objetivo de todos esses projetos \u00e9 incutir nos jovens o desejo de \u201cparticipar, construir um ambiente saud\u00e1vel e ter a no\u00e7\u00e3o de deixar algo para a posteridade\u201d.<\/p>\n<p><em>O programa Itiner\u00e1rios Amaz\u00f4nicos \u00e9 uma realiza\u00e7\u00e3o do Instituto iungo, da rede Uma Concerta\u00e7\u00e3o pela Amaz\u00f4nia e do Instituto Re\u00fana e, em parceria e com investimentos do BNDES, do Fundo de Sustentabilidade Hydro, do Instituto Arapya\u00fa, do Movimento Bem Maior e patroc\u00ednio da Vale.<\/em><\/p>\t\t\t\t\t\t\t\t<\/div>\n\t\t\t\t\t<\/div>\n\t\t\t\t<\/div>\n\t\t\t\t\t<\/div>\n\t\t\t\t<\/div>\n\t\t\t\t<\/div>\n\t\t\t\t\t<\/div>\n\t\t\t\t<\/div>\n\t\t\t\t<\/div>\n\t\t","protected":false},"excerpt":{"rendered":"<p>Sabores e saberes: como a rotina alimentar revela identidades culturais na Amaz\u00f4nia Ao aprender mais sobre a influ\u00eancia do conhecimento tradicional nos alimentos do cotidiano, alunos do Acre agu\u00e7aram o [&hellip;]<\/p>\n","protected":false},"author":226,"featured_media":57275,"parent":0,"menu_order":0,"comment_status":"closed","ping_status":"closed","template":"","meta":{"footnotes":""},"class_list":["post-63700","page","type-page","status-publish","has-post-thumbnail","hentry"],"_links":{"self":[{"href":"https:\/\/concertacaoamazonia.com.br\/en\/wp-json\/wp\/v2\/pages\/63700","targetHints":{"allow":["GET"]}}],"collection":[{"href":"https:\/\/concertacaoamazonia.com.br\/en\/wp-json\/wp\/v2\/pages"}],"about":[{"href":"https:\/\/concertacaoamazonia.com.br\/en\/wp-json\/wp\/v2\/types\/page"}],"author":[{"embeddable":true,"href":"https:\/\/concertacaoamazonia.com.br\/en\/wp-json\/wp\/v2\/users\/226"}],"replies":[{"embeddable":true,"href":"https:\/\/concertacaoamazonia.com.br\/en\/wp-json\/wp\/v2\/comments?post=63700"}],"version-history":[{"count":0,"href":"https:\/\/concertacaoamazonia.com.br\/en\/wp-json\/wp\/v2\/pages\/63700\/revisions"}],"wp:featuredmedia":[{"embeddable":true,"href":"https:\/\/concertacaoamazonia.com.br\/en\/wp-json\/wp\/v2\/media\/57275"}],"wp:attachment":[{"href":"https:\/\/concertacaoamazonia.com.br\/en\/wp-json\/wp\/v2\/media?parent=63700"}],"curies":[{"name":"wp","href":"https:\/\/api.w.org\/{rel}","templated":true}]}}