{"id":60967,"date":"2024-09-17T14:09:16","date_gmt":"2024-09-17T17:09:16","guid":{"rendered":"https:\/\/concertacaoamazonia.com.br\/?page_id=60967"},"modified":"2025-05-12T17:40:11","modified_gmt":"2025-05-12T20:40:11","slug":"climate-week-nyc-2024","status":"publish","type":"page","link":"https:\/\/concertacaoamazonia.com.br\/en\/climate-week-nyc-2024\/","title":{"rendered":"Climate Week NYC 2024"},"content":{"rendered":"\t\t<div data-elementor-type=\"wp-page\" data-elementor-id=\"60967\" class=\"elementor elementor-60967\" data-elementor-post-type=\"page\">\n\t\t\t\t\t\t<section class=\"elementor-section elementor-top-section elementor-element elementor-element-18d2b96 elementor-section-full_width elementor-section-height-default elementor-section-height-default\" data-id=\"18d2b96\" data-element_type=\"section\" data-e-type=\"section\" data-settings=\"{&quot;background_background&quot;:&quot;classic&quot;}\">\n\t\t\t\t\t\t<div class=\"elementor-container elementor-column-gap-default\">\n\t\t\t\t\t<div class=\"elementor-column elementor-col-100 elementor-top-column elementor-element elementor-element-b067c04\" data-id=\"b067c04\" data-element_type=\"column\" data-e-type=\"column\" data-settings=\"{&quot;background_background&quot;:&quot;classic&quot;}\">\n\t\t\t<div class=\"elementor-widget-wrap elementor-element-populated\">\n\t\t\t\t\t<div class=\"elementor-background-overlay\"><\/div>\n\t\t\t\t\t\t<div class=\"elementor-element elementor-element-9b2c806 elementor-widget elementor-widget-spacer\" data-id=\"9b2c806\" data-element_type=\"widget\" data-e-type=\"widget\" data-widget_type=\"spacer.default\">\n\t\t\t\t\t\t\t<div class=\"elementor-spacer\">\n\t\t\t<div class=\"elementor-spacer-inner\"><\/div>\n\t\t<\/div>\n\t\t\t\t\t\t<\/div>\n\t\t\t\t\t<\/div>\n\t\t<\/div>\n\t\t\t\t\t<\/div>\n\t\t<\/section>\n\t\t<div class=\"elementor-element elementor-element-3a4b562 e-flex e-con-boxed e-con e-parent\" data-id=\"3a4b562\" data-element_type=\"container\" data-e-type=\"container\">\n\t\t\t\t\t<div class=\"e-con-inner\">\n\t\t\t\t<div class=\"elementor-element elementor-element-af66739 elementor-widget elementor-widget-spacer\" data-id=\"af66739\" data-element_type=\"widget\" data-e-type=\"widget\" data-widget_type=\"spacer.default\">\n\t\t\t\t\t\t\t<div class=\"elementor-spacer\">\n\t\t\t<div class=\"elementor-spacer-inner\"><\/div>\n\t\t<\/div>\n\t\t\t\t\t\t<\/div>\n\t\t\t\t<div class=\"elementor-element elementor-element-de1704d elementor-widget elementor-widget-heading\" data-id=\"de1704d\" data-element_type=\"widget\" data-e-type=\"widget\" data-widget_type=\"heading.default\">\n\t\t\t\t\t<h2 class=\"elementor-heading-title elementor-size-default\">Climate Week NYC 2024<\/h2>\t\t\t\t<\/div>\n\t\t\t\t<div class=\"elementor-element elementor-element-cd9940b elementor-widget-divider--view-line elementor-widget elementor-widget-divider\" data-id=\"cd9940b\" data-element_type=\"widget\" data-e-type=\"widget\" data-widget_type=\"divider.default\">\n\t\t\t\t\t\t\t<div class=\"elementor-divider\">\n\t\t\t<span class=\"elementor-divider-separator\">\n\t\t\t\t\t\t<\/span>\n\t\t<\/div>\n\t\t\t\t\t\t<\/div>\n\t\t\t\t<div class=\"elementor-element elementor-element-4793560 elementor-widget elementor-widget-spacer\" data-id=\"4793560\" data-element_type=\"widget\" data-e-type=\"widget\" data-widget_type=\"spacer.default\">\n\t\t\t\t\t\t\t<div class=\"elementor-spacer\">\n\t\t\t<div class=\"elementor-spacer-inner\"><\/div>\n\t\t<\/div>\n\t\t\t\t\t\t<\/div>\n\t\t\t\t<div class=\"elementor-element elementor-element-5ee7fe4 elementor-widget elementor-widget-text-editor\" data-id=\"5ee7fe4\" data-element_type=\"widget\" data-e-type=\"widget\" data-widget_type=\"text-editor.default\">\n\t\t\t\t\t\t\t\t\t<p><span style=\"font-weight: 400;\">A Semana do Clima de Nova Iorque \u00e9 uma das principais confer\u00eancias globais sobre o clima. Mais de 600 atividades, entre debates, pain\u00e9is e encontros acontecem entre 22 e 29 de setembro. Com a participa\u00e7\u00e3o de diferentes setores da sociedade, o evento traz para o centro das aten\u00e7\u00f5es o impacto do aquecimento global sobre as m\u00faltiplas dimens\u00f5es da vida no planeta.<\/span><\/p><p><span style=\"font-weight: 400;\">Nesta edi\u00e7\u00e3o, a Concerta\u00e7\u00e3o leva a perspectiva de que a conserva\u00e7\u00e3o da floresta amaz\u00f4nica est\u00e1 relacionada com a sa\u00fade planet\u00e1ria. Nossa programa\u00e7\u00e3o inclui o debate da agenda integrada para as Amaz\u00f4nias como caminho para seu desenvolvimento social e econ\u00f4mico, e promove o di\u00e1logo da sociedade civil com lideran\u00e7as da ci\u00eancia e das pol\u00edticas clim\u00e1ticas. Rumo \u00e0 COP30, nossa rede tamb\u00e9m discutir\u00e1 a trajet\u00f3ria que o Brasil pode trilhar para trazer a\u00e7\u00f5es concretas que atendam \u00e0s metas do Acordo de Paris.<\/span><\/p>\t\t\t\t\t\t\t\t<\/div>\n\t\t\t\t<div class=\"elementor-element elementor-element-7c19fcd elementor-widget elementor-widget-spacer\" data-id=\"7c19fcd\" data-element_type=\"widget\" data-e-type=\"widget\" data-widget_type=\"spacer.default\">\n\t\t\t\t\t\t\t<div class=\"elementor-spacer\">\n\t\t\t<div class=\"elementor-spacer-inner\"><\/div>\n\t\t<\/div>\n\t\t\t\t\t\t<\/div>\n\t\t\t\t<div class=\"elementor-element elementor-element-59da6f2 elementor-widget elementor-widget-text-editor\" data-id=\"59da6f2\" data-element_type=\"widget\" data-e-type=\"widget\" data-widget_type=\"text-editor.default\">\n\t\t\t\t\t\t\t\t\t<p><strong>Confira a agenda da Concerta\u00e7\u00e3o na edi\u00e7\u00e3o 2024<\/strong><br \/><i><span style=\"font-weight: 400; font-size: 1em;\">hor\u00e1rios de Bras\u00edlia<\/span><\/i><\/p>\t\t\t\t\t\t\t\t<\/div>\n\t\t\t\t\t<\/div>\n\t\t\t\t<\/div>\n\t\t<div class=\"elementor-element elementor-element-24186e8 e-flex e-con-boxed e-con e-parent\" data-id=\"24186e8\" data-element_type=\"container\" data-e-type=\"container\">\n\t\t\t\t\t<div class=\"e-con-inner\">\n\t\t\t\t<div class=\"elementor-element elementor-element-3ed7236 elementor-widget elementor-widget-text-editor\" data-id=\"3ed7236\" data-element_type=\"widget\" data-e-type=\"widget\" data-widget_type=\"text-editor.default\">\n\t\t\t\t\t\t\t\t\t<p><span style=\"font-weight: 400;\">23\/9 | 10h \u00e0s 12h<\/span><\/p><p><b>Floresta em p\u00e9 e sa\u00fade planet\u00e1ria<\/b><\/p><p><span style=\"font-weight: 400;\">Forum | Columbia University<\/span><\/p><p><span style=\"font-weight: 400;\">Organizado pela Concerta\u00e7\u00e3o, o painel busca reunir os participantes em torno das diversas perspectivas sobre sa\u00fade planet\u00e1ria e inova\u00e7\u00f5es nos sistemas de sa\u00fade, fatores-chave na gest\u00e3o de um dos bens comuns mais importantes do mundo: a Amaz\u00f4nia.<\/span><\/p>\t\t\t\t\t\t\t\t<\/div>\n\t\t\t\t<div class=\"elementor-element elementor-element-261dea7 elementor-widget elementor-widget-jet-button\" data-id=\"261dea7\" data-element_type=\"widget\" data-e-type=\"widget\" data-widget_type=\"jet-button.default\">\n\t\t\t\t<div class=\"elementor-widget-container\">\n\t\t\t\t\t<div class=\"elementor-jet-button jet-elements\"><div class=\"jet-button__container\">\n\t<a class=\"jet-button__instance jet-button__instance--icon-left hover-effect-0\" href=\"https:\/\/docs.google.com\/forms\/d\/e\/1FAIpQLSeqywA0zbDl5osh4rAU2bmQXqXYoTXezSmkzKJLoCwQDD9EDQ\/viewform\" target=\"_blank\">\n\t\t<div class=\"jet-button__plane jet-button__plane-normal\"><\/div>\n\t\t<div class=\"jet-button__plane jet-button__plane-hover\"><\/div>\n\t\t<div class=\"jet-button__state jet-button__state-normal\">\n\t\t\t<span class=\"jet-button__label\">Inscreva-se<\/span>\t\t<\/div>\n\t\t<div class=\"jet-button__state jet-button__state-hover\">\n\t\t\t<span class=\"jet-button__label\">Inscreva-se<\/span>\t\t<\/div>\n\t<\/a>\n<\/div>\n<\/div>\t\t\t\t<\/div>\n\t\t\t\t<\/div>\n\t\t\t\t<div class=\"elementor-element elementor-element-416856b elementor-widget-divider--view-line elementor-widget elementor-widget-divider\" data-id=\"416856b\" data-element_type=\"widget\" data-e-type=\"widget\" data-widget_type=\"divider.default\">\n\t\t\t\t\t\t\t<div class=\"elementor-divider\">\n\t\t\t<span class=\"elementor-divider-separator\">\n\t\t\t\t\t\t<\/span>\n\t\t<\/div>\n\t\t\t\t\t\t<\/div>\n\t\t\t\t<div class=\"elementor-element elementor-element-3b0afdc elementor-widget elementor-widget-text-editor\" data-id=\"3b0afdc\" data-element_type=\"widget\" data-e-type=\"widget\" data-widget_type=\"text-editor.default\">\n\t\t\t\t\t\t\t\t\t<p><span style=\"font-weight: 400;\">23\/9 | 17h30 \u00e0s 22h<\/span><\/p><p><b>COP30 e al\u00e9m: Desenvolvimento Econ\u00f4mico Sustent\u00e1vel nas Amaz\u00f4nias<\/b><\/p><p><span style=\"font-weight: 400;\">Hotel W New York &#8211; Times Square | 5\u00b0 andar<\/span><\/p><p><span style=\"font-weight: 400;\">O debate re\u00fane representantes do setor privado, sociedade civil e autoridades governamentais para discutir temas cruciais para o futuro sustent\u00e1vel da Amaz\u00f4nia. Isto inclui a perspectiva de uma agenda integrada para a regi\u00e3o, o papel do setor privado nas transi\u00e7\u00f5es clim\u00e1ticas e as bases para o desenvolvimento econ\u00f4mico sustent\u00e1vel, rumo \u00e0 COP30, em 2025, no Brasil.<\/span><\/p>\t\t\t\t\t\t\t\t<\/div>\n\t\t\t\t<div class=\"elementor-element elementor-element-559eee9 elementor-widget elementor-widget-jet-button\" data-id=\"559eee9\" data-element_type=\"widget\" data-e-type=\"widget\" data-widget_type=\"jet-button.default\">\n\t\t\t\t<div class=\"elementor-widget-container\">\n\t\t\t\t\t<div class=\"elementor-jet-button jet-elements\"><div class=\"jet-button__container\">\n\t<a class=\"jet-button__instance jet-button__instance--icon-left hover-effect-0\" href=\"mailto:eventos@concertacao.com.br\" target=\"_blank\">\n\t\t<div class=\"jet-button__plane jet-button__plane-normal\"><\/div>\n\t\t<div class=\"jet-button__plane jet-button__plane-hover\"><\/div>\n\t\t<div class=\"jet-button__state jet-button__state-normal\">\n\t\t\t<span class=\"jet-button__label\">Inscreva-se<\/span>\t\t<\/div>\n\t\t<div class=\"jet-button__state jet-button__state-hover\">\n\t\t\t<span class=\"jet-button__label\">Inscreva-se<\/span>\t\t<\/div>\n\t<\/a>\n<\/div>\n<\/div>\t\t\t\t<\/div>\n\t\t\t\t<\/div>\n\t\t\t\t<div class=\"elementor-element elementor-element-752abef elementor-widget-divider--view-line elementor-widget elementor-widget-divider\" data-id=\"752abef\" data-element_type=\"widget\" data-e-type=\"widget\" data-widget_type=\"divider.default\">\n\t\t\t\t\t\t\t<div class=\"elementor-divider\">\n\t\t\t<span class=\"elementor-divider-separator\">\n\t\t\t\t\t\t<\/span>\n\t\t<\/div>\n\t\t\t\t\t\t<\/div>\n\t\t\t\t<div class=\"elementor-element elementor-element-8b8b6cd elementor-widget elementor-widget-text-editor\" data-id=\"8b8b6cd\" data-element_type=\"widget\" data-e-type=\"widget\" data-widget_type=\"text-editor.default\">\n\t\t\t\t\t\t\t\t\t<p><span style=\"font-weight: 400;\">23\/9 | 9h \u00e0s 19h30\u00a0<\/span><\/p><p><b>Casa Amaz\u00f4nia<\/b><\/p><p><span style=\"font-weight: 400;\">Lightbox<\/span><\/p><p><span style=\"font-weight: 400;\">A Casa Amaz\u00f4nia \u00e9 um espa\u00e7o de arte, imers\u00e3o e aprendizados voltada para os saberes da floresta e as pessoas que nela habitam. O ambiente empodera vozes locais em palcos globais e reposiciona a for\u00e7a da narrativa do territ\u00f3rio por meio de confer\u00eancias, experi\u00eancias e a\u00e7\u00f5es culturais na Climate Week de NY. A Concerta\u00e7\u00e3o apoia esta iniciativa.\u00a0\u00a0<\/span><\/p>\t\t\t\t\t\t\t\t<\/div>\n\t\t\t\t<div class=\"elementor-element elementor-element-02e6346 elementor-widget elementor-widget-jet-button\" data-id=\"02e6346\" data-element_type=\"widget\" data-e-type=\"widget\" data-widget_type=\"jet-button.default\">\n\t\t\t\t<div class=\"elementor-widget-container\">\n\t\t\t\t\t<div class=\"elementor-jet-button jet-elements\"><div class=\"jet-button__container\">\n\t<a class=\"jet-button__instance jet-button__instance--icon-left hover-effect-0\" href=\"https:\/\/lu.ma\/l4w2eyg4\" target=\"_blank\">\n\t\t<div class=\"jet-button__plane jet-button__plane-normal\"><\/div>\n\t\t<div class=\"jet-button__plane jet-button__plane-hover\"><\/div>\n\t\t<div class=\"jet-button__state jet-button__state-normal\">\n\t\t\t<span class=\"jet-button__label\">Inscreva-se<\/span>\t\t<\/div>\n\t\t<div class=\"jet-button__state jet-button__state-hover\">\n\t\t\t<span class=\"jet-button__label\">Inscreva-se<\/span>\t\t<\/div>\n\t<\/a>\n<\/div>\n<\/div>\t\t\t\t<\/div>\n\t\t\t\t<\/div>\n\t\t\t\t<div class=\"elementor-element elementor-element-3ef526d elementor-widget-divider--view-line elementor-widget elementor-widget-divider\" data-id=\"3ef526d\" data-element_type=\"widget\" data-e-type=\"widget\" data-widget_type=\"divider.default\">\n\t\t\t\t\t\t\t<div class=\"elementor-divider\">\n\t\t\t<span class=\"elementor-divider-separator\">\n\t\t\t\t\t\t<\/span>\n\t\t<\/div>\n\t\t\t\t\t\t<\/div>\n\t\t\t\t<div class=\"elementor-element elementor-element-68fc819 elementor-widget elementor-widget-text-editor\" data-id=\"68fc819\" data-element_type=\"widget\" data-e-type=\"widget\" data-widget_type=\"text-editor.default\">\n\t\t\t\t\t\t\t\t\t<p><span style=\"font-weight: 400;\">24\/9 | 16h \u00e0s 17h<\/span><\/p><p><b>Pol\u00edtica e ci\u00eancia clim\u00e1ticas: um encontro com a sociedade civil sobre o caminho para a COP30<\/b><\/p><p>King Juan Carlos I \u2013 Spain Center \u2013 NYU<\/p><p><span style=\"font-weight: 400;\">O evento discutir\u00e1 quest\u00f5es norteadoras, como os obst\u00e1culos na ci\u00eancia e na pol\u00edtica clim\u00e1tica que devem ser superados para alcan\u00e7ar resultados concretos estabelecidos pelo Acordo de Paris na COP30. Tamb\u00e9m pretende abordar como a sociedade civil e a academia podem contribuir neste caminho. O painel \u00e9 organizado pela Concerta\u00e7\u00e3o, Instituto Arapya\u00fa, Instituto Clima e Sociedade (iCS) e Universidade de Nova York (NYU-Wagner &amp; NYU-CLACS).<\/span><\/p>\t\t\t\t\t\t\t\t<\/div>\n\t\t\t\t<div class=\"elementor-element elementor-element-32137b2 elementor-widget elementor-widget-jet-button\" data-id=\"32137b2\" data-element_type=\"widget\" data-e-type=\"widget\" data-widget_type=\"jet-button.default\">\n\t\t\t\t<div class=\"elementor-widget-container\">\n\t\t\t\t\t<div class=\"elementor-jet-button jet-elements\"><div class=\"jet-button__container\">\n\t<a class=\"jet-button__instance jet-button__instance--icon-left hover-effect-0\" href=\"https:\/\/www.eventbrite.com\/e\/climate-politics-and-climate-science-the-road-to-cop30-tickets-1010736850127\" target=\"_blank\">\n\t\t<div class=\"jet-button__plane jet-button__plane-normal\"><\/div>\n\t\t<div class=\"jet-button__plane jet-button__plane-hover\"><\/div>\n\t\t<div class=\"jet-button__state jet-button__state-normal\">\n\t\t\t<span class=\"jet-button__label\">Inscreva-se<\/span>\t\t<\/div>\n\t\t<div class=\"jet-button__state jet-button__state-hover\">\n\t\t\t<span class=\"jet-button__label\">Inscreva-se<\/span>\t\t<\/div>\n\t<\/a>\n<\/div>\n<\/div>\t\t\t\t<\/div>\n\t\t\t\t<\/div>\n\t\t\t\t<div class=\"elementor-element elementor-element-1a93777 elementor-widget-divider--view-line elementor-widget elementor-widget-divider\" data-id=\"1a93777\" data-element_type=\"widget\" data-e-type=\"widget\" data-widget_type=\"divider.default\">\n\t\t\t\t\t\t\t<div class=\"elementor-divider\">\n\t\t\t<span class=\"elementor-divider-separator\">\n\t\t\t\t\t\t<\/span>\n\t\t<\/div>\n\t\t\t\t\t\t<\/div>\n\t\t\t\t<div class=\"elementor-element elementor-element-5da69be elementor-widget elementor-widget-text-editor\" data-id=\"5da69be\" data-element_type=\"widget\" data-e-type=\"widget\" data-widget_type=\"text-editor.default\">\n\t\t\t\t\t\t\t\t\t<p><span style=\"font-weight: 400;\">23 a 27\/9 | 10h \u00e0s 21h<\/span><\/p><p><b>VisitBrazil Gallery 2024: Amaz\u00f4nia<\/b><\/p><p><span style=\"font-weight: 400;\">Anita Rogers Gallery<\/span><\/p><p><span style=\"font-weight: 400;\">A galeria estar\u00e1 aberta \u00e0 visita\u00e7\u00e3o ao longo da Semana do Clima. Nela, \u00e9 poss\u00edvel vivenciar uma imers\u00e3o visual e musical, com curadoria feita pela Concerta\u00e7\u00e3o. As artistas em exposi\u00e7\u00e3o trazem a diversidade sociocultural do territ\u00f3rio amaz\u00f4nico, rompendo com estere\u00f3tipos e revelando novos imagin\u00e1rios.<\/span><\/p><p>Entrada gratuita<\/p>\t\t\t\t\t\t\t\t<\/div>\n\t\t\t\t<div class=\"elementor-element elementor-element-20da3b3 elementor-widget elementor-widget-spacer\" data-id=\"20da3b3\" data-element_type=\"widget\" data-e-type=\"widget\" data-widget_type=\"spacer.default\">\n\t\t\t\t\t\t\t<div class=\"elementor-spacer\">\n\t\t\t<div class=\"elementor-spacer-inner\"><\/div>\n\t\t<\/div>\n\t\t\t\t\t\t<\/div>\n\t\t\t\t\t<\/div>\n\t\t\t\t<\/div>\n\t\t\t\t<\/div>\n\t\t","protected":false},"excerpt":{"rendered":"<p>Climate Week NYC 2024 A Semana do Clima de Nova Iorque \u00e9 uma das principais confer\u00eancias globais sobre o clima. Mais de 600 atividades, entre debates, pain\u00e9is e encontros acontecem [&hellip;]<\/p>\n","protected":false},"author":226,"featured_media":0,"parent":0,"menu_order":0,"comment_status":"closed","ping_status":"closed","template":"","meta":{"footnotes":""},"class_list":["post-60967","page","type-page","status-publish","hentry"],"_links":{"self":[{"href":"https:\/\/concertacaoamazonia.com.br\/en\/wp-json\/wp\/v2\/pages\/60967","targetHints":{"allow":["GET"]}}],"collection":[{"href":"https:\/\/concertacaoamazonia.com.br\/en\/wp-json\/wp\/v2\/pages"}],"about":[{"href":"https:\/\/concertacaoamazonia.com.br\/en\/wp-json\/wp\/v2\/types\/page"}],"author":[{"embeddable":true,"href":"https:\/\/concertacaoamazonia.com.br\/en\/wp-json\/wp\/v2\/users\/226"}],"replies":[{"embeddable":true,"href":"https:\/\/concertacaoamazonia.com.br\/en\/wp-json\/wp\/v2\/comments?post=60967"}],"version-history":[{"count":0,"href":"https:\/\/concertacaoamazonia.com.br\/en\/wp-json\/wp\/v2\/pages\/60967\/revisions"}],"wp:attachment":[{"href":"https:\/\/concertacaoamazonia.com.br\/en\/wp-json\/wp\/v2\/media?parent=60967"}],"curies":[{"name":"wp","href":"https:\/\/api.w.org\/{rel}","templated":true}]}}