{"id":60797,"date":"2024-09-16T16:01:35","date_gmt":"2024-09-16T19:01:35","guid":{"rendered":"https:\/\/concertacaoamazonia.com.br\/?page_id=60797"},"modified":"2024-09-16T16:01:35","modified_gmt":"2024-09-16T19:01:35","slug":"escalas","status":"publish","type":"page","link":"https:\/\/concertacaoamazonia.com.br\/cultura\/porosidades\/escalas\/","title":{"rendered":"Escalas"},"content":{"rendered":"\t\t<div data-elementor-type=\"wp-page\" data-elementor-id=\"60797\" class=\"elementor elementor-60797\" data-elementor-post-type=\"page\">\n\t\t\t\t<div class=\"elementor-element elementor-element-4b09fa2 e-flex e-con-boxed e-con e-parent\" data-id=\"4b09fa2\" data-element_type=\"container\" data-e-type=\"container\" data-settings=\"{&quot;jet_parallax_layout_list&quot;:[]}\">\n\t\t\t\t\t<div class=\"e-con-inner\">\n\t\t<div class=\"elementor-element elementor-element-dbf6f0f e-con-full e-flex e-con e-child\" data-id=\"dbf6f0f\" data-element_type=\"container\" data-e-type=\"container\" data-settings=\"{&quot;jet_parallax_layout_list&quot;:[]}\">\n\t\t\t\t<div class=\"elementor-element elementor-element-b4087c4 elementor-invisible elementor-widget elementor-widget-heading\" data-id=\"b4087c4\" data-element_type=\"widget\" data-e-type=\"widget\" data-settings=\"{&quot;_animation&quot;:&quot;fadeInLeft&quot;}\" data-widget_type=\"heading.default\">\n\t\t\t\t\t<h2 class=\"elementor-heading-title elementor-size-default\">Escalas<\/h2>\t\t\t\t<\/div>\n\t\t\t\t<div class=\"elementor-element elementor-element-b036251 elementor-widget-divider--view-line elementor-invisible elementor-widget elementor-widget-divider\" data-id=\"b036251\" data-element_type=\"widget\" data-e-type=\"widget\" data-settings=\"{&quot;_animation&quot;:&quot;fadeInLeft&quot;}\" data-widget_type=\"divider.default\">\n\t\t\t\t\t\t\t<div class=\"elementor-divider\">\n\t\t\t<span class=\"elementor-divider-separator\">\n\t\t\t\t\t\t<\/span>\n\t\t<\/div>\n\t\t\t\t\t\t<\/div>\n\t\t\t\t<div class=\"elementor-element elementor-element-2fe2968 elementor-widget__width-initial animated-slow elementor-invisible elementor-widget elementor-widget-text-editor\" data-id=\"2fe2968\" data-element_type=\"widget\" data-e-type=\"widget\" data-settings=\"{&quot;_animation&quot;:&quot;fadeInLeft&quot;}\" data-widget_type=\"text-editor.default\">\n\t\t\t\t\t\t\t\t\t<p>O clima conecta as Amaz\u00f4nias \u00e0 Panamaz\u00f4nia, ao Brasil e ao mundo. Tr\u00eas COPs se passaram e a qualifica\u00e7\u00e3o desse debate foi enriquecida pelo resgate da identidade ind\u00edgena proposta por Gustavo Caboco que, entre p\u00e9s e ra\u00edzes, ressalta a conex\u00e3o das pessoas com seus territ\u00f3rios, mesmo quando n\u00e3o est\u00e3o mais neles; pelos seres encantados de Bonikta que em finas linhas formam uma camada a mais de sensibilidade nos rios; e pela biodiversidade digital de Chermie, que ilustra por meio grafite contempor\u00e2neo a atemporalidade da natureza . Entre o c\u00e9u e a terra, h\u00e1 a for\u00e7a do cinema para o firmamento n\u00e3o cair.<\/p>\t\t\t\t\t\t\t\t<\/div>\n\t\t\t\t<\/div>\n\t\t<div class=\"elementor-element elementor-element-18e8eb0 e-con-full e-flex e-con e-child\" data-id=\"18e8eb0\" data-element_type=\"container\" data-e-type=\"container\" data-settings=\"{&quot;jet_parallax_layout_list&quot;:[]}\">\n\t\t\t\t<div class=\"elementor-element elementor-element-c8205bf elementor-skin-coverflow elementor-arrows-yes elementor-pagination-type-bullets elementor-pagination-position-outside elementor-widget elementor-widget-media-carousel\" data-id=\"c8205bf\" data-element_type=\"widget\" data-e-type=\"widget\" data-settings=\"{&quot;skin&quot;:&quot;coverflow&quot;,&quot;slides_per_view&quot;:&quot;3&quot;,&quot;autoplay_speed&quot;:2000,&quot;space_between&quot;:{&quot;unit&quot;:&quot;px&quot;,&quot;size&quot;:30,&quot;sizes&quot;:[]},&quot;show_arrows&quot;:&quot;yes&quot;,&quot;pagination&quot;:&quot;bullets&quot;,&quot;speed&quot;:500,&quot;autoplay&quot;:&quot;yes&quot;,&quot;loop&quot;:&quot;yes&quot;,&quot;pause_on_hover&quot;:&quot;yes&quot;,&quot;pause_on_interaction&quot;:&quot;yes&quot;,&quot;space_between_tablet&quot;:{&quot;unit&quot;:&quot;px&quot;,&quot;size&quot;:10,&quot;sizes&quot;:[]},&quot;space_between_mobile&quot;:{&quot;unit&quot;:&quot;px&quot;,&quot;size&quot;:10,&quot;sizes&quot;:[]}}\" data-widget_type=\"media-carousel.default\">\n\t\t\t\t\t\t\t\t\t\t<div class=\"elementor-main-swiper swiper\" role=\"region\" aria-roledescription=\"carousel\" aria-label=\"Slides\">\n\t\t\t\t<div class=\"swiper-wrapper\">\n\t\t\t\t\t\t\t\t\t\t\t<div class=\"swiper-slide\" role=\"group\" aria-roledescription=\"slide\">\n\t\t\t\t\t\t\t<a href=\"https:\/\/concertacaoamazonia.com.br\/wp-content\/uploads\/sites\/2\/2024\/09\/Marco-2021-scaled.jpg\" data-elementor-open-lightbox=\"yes\" data-elementor-lightbox-slideshow=\"c8205bf\" data-elementor-lightbox-title=\"Marc\u0327o 2021 - Gustavo Caboco\" data-e-action-hash=\"#elementor-action%3Aaction%3Dlightbox%26settings%3DeyJpZCI6NjE0NzUsInVybCI6Imh0dHBzOlwvXC9jb25jZXJ0YWNhb2FtYXpvbmlhLmNvbS5iclwvY3VsdHVyYVwvd3AtY29udGVudFwvdXBsb2Fkc1wvMjAyNFwvMDlcL01hcmNvLTIwMjEtc2NhbGVkLmpwZyIsInNsaWRlc2hvdyI6ImM4MjA1YmYifQ%3D%3D\">\t\t<div class=\"elementor-carousel-image\" role=\"img\" aria-label=\"Marc\u0327o 2021 - Gustavo Caboco\" style=\"background-image: url(&#039;https:\/\/concertacaoamazonia.com.br\/cultura\/wp-content\/uploads\/2024\/09\/Marco-2021-scaled.jpg&#039;)\">\n\n\t\t\t\n\t\t\t\t\t<\/div>\n\t\t<\/a>\t\t\t\t\t\t<\/div>\n\t\t\t\t\t\t\t\t\t\t\t<div class=\"swiper-slide\" role=\"group\" aria-roledescription=\"slide\">\n\t\t\t\t\t\t\t<a href=\"https:\/\/concertacaoamazonia.com.br\/wp-content\/uploads\/sites\/2\/2024\/09\/Junho-2021.jpg\" data-elementor-open-lightbox=\"yes\" data-elementor-lightbox-slideshow=\"c8205bf\" data-elementor-lightbox-title=\"Junho 2021\" data-e-action-hash=\"#elementor-action%3Aaction%3Dlightbox%26settings%3DeyJpZCI6NjE0NzEsInVybCI6Imh0dHBzOlwvXC9jb25jZXJ0YWNhb2FtYXpvbmlhLmNvbS5iclwvY3VsdHVyYVwvd3AtY29udGVudFwvdXBsb2Fkc1wvMjAyNFwvMDlcL0p1bmhvLTIwMjEuanBnIiwic2xpZGVzaG93IjoiYzgyMDViZiJ9\">\t\t<div class=\"elementor-carousel-image\" role=\"img\" aria-label=\"Junho 2021\" style=\"background-image: url(&#039;https:\/\/concertacaoamazonia.com.br\/cultura\/wp-content\/uploads\/2024\/09\/Junho-2021.jpg&#039;)\">\n\n\t\t\t\n\t\t\t\t\t<\/div>\n\t\t<\/a>\t\t\t\t\t\t<\/div>\n\t\t\t\t\t\t\t\t\t\t\t<div class=\"swiper-slide\" role=\"group\" aria-roledescription=\"slide\">\n\t\t\t\t\t\t\t<a href=\"https:\/\/concertacaoamazonia.com.br\/wp-content\/uploads\/sites\/2\/2024\/09\/Marco-2024.jpg\" data-elementor-open-lightbox=\"yes\" data-elementor-lightbox-slideshow=\"c8205bf\" data-elementor-lightbox-title=\"Marc\u0327o 2024 - Bonikta\" data-e-action-hash=\"#elementor-action%3Aaction%3Dlightbox%26settings%3DeyJpZCI6NjE0NDcsInVybCI6Imh0dHBzOlwvXC9jb25jZXJ0YWNhb2FtYXpvbmlhLmNvbS5iclwvY3VsdHVyYVwvd3AtY29udGVudFwvdXBsb2Fkc1wvMjAyNFwvMDlcL01hcmNvLTIwMjQuanBnIiwic2xpZGVzaG93IjoiYzgyMDViZiJ9\">\t\t<div class=\"elementor-carousel-image\" role=\"img\" aria-label=\"Marc\u0327o 2024 - Bonikta\" style=\"background-image: url(&#039;https:\/\/concertacaoamazonia.com.br\/cultura\/wp-content\/uploads\/2024\/09\/Marco-2024.jpg&#039;)\">\n\n\t\t\t\n\t\t\t\t\t<\/div>\n\t\t<\/a>\t\t\t\t\t\t<\/div>\n\t\t\t\t\t\t\t\t\t\t\t<div class=\"swiper-slide\" role=\"group\" aria-roledescription=\"slide\">\n\t\t\t\t\t\t\t<a href=\"https:\/\/concertacaoamazonia.com.br\/wp-content\/uploads\/sites\/2\/2024\/09\/Novembro-2021.jpg\" data-elementor-open-lightbox=\"yes\" data-elementor-lightbox-slideshow=\"c8205bf\" data-elementor-lightbox-title=\"Novembro 2021\" data-e-action-hash=\"#elementor-action%3Aaction%3Dlightbox%26settings%3DeyJpZCI6NjE0NzcsInVybCI6Imh0dHBzOlwvXC9jb25jZXJ0YWNhb2FtYXpvbmlhLmNvbS5iclwvY3VsdHVyYVwvd3AtY29udGVudFwvdXBsb2Fkc1wvMjAyNFwvMDlcL05vdmVtYnJvLTIwMjEuanBnIiwic2xpZGVzaG93IjoiYzgyMDViZiJ9\">\t\t<div class=\"elementor-carousel-image\" role=\"img\" aria-label=\"Novembro 2021\" style=\"background-image: url(&#039;https:\/\/concertacaoamazonia.com.br\/cultura\/wp-content\/uploads\/2024\/09\/Novembro-2021.jpg&#039;)\">\n\n\t\t\t\n\t\t\t\t\t<\/div>\n\t\t<\/a>\t\t\t\t\t\t<\/div>\n\t\t\t\t\t\t\t\t\t<\/div>\n\t\t\t\t\t\t\t\t\t\t\t\t\t\t\t<div class=\"elementor-swiper-button elementor-swiper-button-prev\" role=\"button\" tabindex=\"0\" aria-label=\"Anterior\">\n\t\t\t\t\t\t\t<svg aria-hidden=\"true\" class=\"e-font-icon-svg e-eicon-chevron-left\" viewBox=\"0 0 1000 1000\" xmlns=\"http:\/\/www.w3.org\/2000\/svg\"><path d=\"M646 125C629 125 613 133 604 142L308 442C296 454 292 471 292 487 292 504 296 521 308 533L604 854C617 867 629 875 646 875 663 875 679 871 692 858 704 846 713 829 713 812 713 796 708 779 692 767L438 487 692 225C700 217 708 204 708 187 708 171 704 154 692 142 675 129 663 125 646 125Z\"><\/path><\/svg>\t\t\t\t\t\t<\/div>\n\t\t\t\t\t\t<div class=\"elementor-swiper-button elementor-swiper-button-next\" role=\"button\" tabindex=\"0\" aria-label=\"Pr\u00f3ximo\">\n\t\t\t\t\t\t\t<svg aria-hidden=\"true\" class=\"e-font-icon-svg e-eicon-chevron-right\" viewBox=\"0 0 1000 1000\" xmlns=\"http:\/\/www.w3.org\/2000\/svg\"><path d=\"M696 533C708 521 713 504 713 487 713 471 708 454 696 446L400 146C388 133 375 125 354 125 338 125 325 129 313 142 300 154 292 171 292 187 292 204 296 221 308 233L563 492 304 771C292 783 288 800 288 817 288 833 296 850 308 863 321 871 338 875 354 875 371 875 388 867 400 854L696 533Z\"><\/path><\/svg>\t\t\t\t\t\t<\/div>\n\t\t\t\t\t\t\t\t\t\t\t\t\t\t\t\t<div class=\"swiper-pagination\"><\/div>\n\t\t\t\t\t\t\t\t\t\t\t\t<\/div>\n\t\t\t\t\t\t\t\t<\/div>\n\t\t\t\t<div class=\"elementor-element elementor-element-455ae55 elementor-widget elementor-widget-spacer\" data-id=\"455ae55\" data-element_type=\"widget\" data-e-type=\"widget\" data-widget_type=\"spacer.default\">\n\t\t\t\t\t\t\t<div class=\"elementor-spacer\">\n\t\t\t<div class=\"elementor-spacer-inner\"><\/div>\n\t\t<\/div>\n\t\t\t\t\t\t<\/div>\n\t\t\t\t<div class=\"elementor-element elementor-element-8b66d95 fechar-pagina elementor-widget elementor-widget-html\" data-id=\"8b66d95\" data-element_type=\"widget\" data-e-type=\"widget\" data-widget_type=\"html.default\">\n\t\t\t\t\t\r\n\r\n<style>\r\n    .meu-botao {\r\n        color: var(--e-global-color-e978a34) !important; \/* Cor da fonte *\/\r\n        background-color: var(--e-global-color-5376d26) !important; \/* Cor do fundo *\/\r\n        border: 2px solid var(--e-global-color-e978a34) !important; \/* Cor da borda *\/\r\n        padding: 10px 20px;\r\n        cursor: pointer;\r\n        text-align: center;\r\n        display: inline-block;\r\n        font-size: 16px;\r\n    }\r\n\r\n    .meu-botao:hover {\r\n        color:  var(--e-global-color-5376d26) !important; \/* Cor da fonte no hover *\/\r\n        background-color: var(--e-global-color-e978a34) !important; \/* Cor do fundo no hover *\/\r\n        border-color: var(--e-global-color-e978a34 !important; \/* Cor da borda no hover *\/\r\n    }\r\n<\/style>\r\n\r\n<button class=\"meu-botao\">Fechar P\u00e1gina<\/button>\r\n\r\n\r\n<script type=\"text\/javascript\">\r\n    document.addEventListener('DOMContentLoaded', function () {\r\n        document.querySelector('.fechar-pagina').onclick = function () {\r\n            window.close();\r\n        };\r\n    });\r\n<\/script>\r\n\r\n\t\t\t\t<\/div>\n\t\t\t\t<\/div>\n\t\t\t\t<div class=\"elementor-element elementor-element-42f7d18 elementor-widget elementor-widget-spacer\" data-id=\"42f7d18\" data-element_type=\"widget\" data-e-type=\"widget\" data-widget_type=\"spacer.default\">\n\t\t\t\t\t\t\t<div class=\"elementor-spacer\">\n\t\t\t<div class=\"elementor-spacer-inner\"><\/div>\n\t\t<\/div>\n\t\t\t\t\t\t<\/div>\n\t\t\t\t\t<\/div>\n\t\t\t\t<\/div>\n\t\t\t\t<\/div>\n\t\t","protected":false},"excerpt":{"rendered":"<p>Escalas O clima conecta as Amaz\u00f4nias \u00e0 Panamaz\u00f4nia, ao Brasil e ao mundo. Tr\u00eas COPs se passaram e a qualifica\u00e7\u00e3o desse debate foi enriquecida pelo resgate da identidade ind\u00edgena proposta por Gustavo Caboco que, entre p\u00e9s e ra\u00edzes, ressalta a conex\u00e3o das pessoas com seus territ\u00f3rios, mesmo quando n\u00e3o est\u00e3o mais neles; pelos seres encantados [&hellip;]<\/p>\n","protected":false},"author":0,"featured_media":0,"parent":60775,"menu_order":0,"comment_status":"closed","ping_status":"closed","template":"","meta":{"footnotes":""},"class_list":["post-60797","page","type-page","status-publish","hentry"],"_links":{"self":[{"href":"https:\/\/concertacaoamazonia.com.br\/cultura\/wp-json\/wp\/v2\/pages\/60797","targetHints":{"allow":["GET"]}}],"collection":[{"href":"https:\/\/concertacaoamazonia.com.br\/cultura\/wp-json\/wp\/v2\/pages"}],"about":[{"href":"https:\/\/concertacaoamazonia.com.br\/cultura\/wp-json\/wp\/v2\/types\/page"}],"replies":[{"embeddable":true,"href":"https:\/\/concertacaoamazonia.com.br\/cultura\/wp-json\/wp\/v2\/comments?post=60797"}],"version-history":[{"count":0,"href":"https:\/\/concertacaoamazonia.com.br\/cultura\/wp-json\/wp\/v2\/pages\/60797\/revisions"}],"up":[{"embeddable":true,"href":"https:\/\/concertacaoamazonia.com.br\/cultura\/wp-json\/wp\/v2\/pages\/60775"}],"wp:attachment":[{"href":"https:\/\/concertacaoamazonia.com.br\/cultura\/wp-json\/wp\/v2\/media?parent=60797"}],"curies":[{"name":"wp","href":"https:\/\/api.w.org\/{rel}","templated":true}]}}