{"id":60785,"date":"2024-09-16T15:52:13","date_gmt":"2024-09-16T18:52:13","guid":{"rendered":"https:\/\/concertacaoamazonia.com.br\/?page_id=60785"},"modified":"2024-09-16T15:52:13","modified_gmt":"2024-09-16T18:52:13","slug":"imaterial","status":"publish","type":"page","link":"https:\/\/concertacaoamazonia.com.br\/cultura\/porosidades\/imaterial\/","title":{"rendered":"(i)material"},"content":{"rendered":"\t\t<div data-elementor-type=\"wp-page\" data-elementor-id=\"60785\" class=\"elementor elementor-60785\" data-elementor-post-type=\"page\">\n\t\t\t\t<div class=\"elementor-element elementor-element-63c43f0 e-flex e-con-boxed e-con e-parent\" data-id=\"63c43f0\" data-element_type=\"container\" data-e-type=\"container\" data-settings=\"{&quot;jet_parallax_layout_list&quot;:[]}\">\n\t\t\t\t\t<div class=\"e-con-inner\">\n\t\t<div class=\"elementor-element elementor-element-d137011 e-con-full e-flex e-con e-child\" data-id=\"d137011\" data-element_type=\"container\" data-e-type=\"container\" data-settings=\"{&quot;jet_parallax_layout_list&quot;:[]}\">\n\t\t\t\t<div class=\"elementor-element elementor-element-8c650e7 elementor-invisible elementor-widget elementor-widget-heading\" data-id=\"8c650e7\" data-element_type=\"widget\" data-e-type=\"widget\" data-settings=\"{&quot;_animation&quot;:&quot;fadeInLeft&quot;}\" data-widget_type=\"heading.default\">\n\t\t\t\t\t<h2 class=\"elementor-heading-title elementor-size-default\">(i)material<\/h2>\t\t\t\t<\/div>\n\t\t\t\t<div class=\"elementor-element elementor-element-e3dd6bc elementor-widget-divider--view-line elementor-invisible elementor-widget elementor-widget-divider\" data-id=\"e3dd6bc\" data-element_type=\"widget\" data-e-type=\"widget\" data-settings=\"{&quot;_animation&quot;:&quot;fadeInLeft&quot;}\" data-widget_type=\"divider.default\">\n\t\t\t\t\t\t\t<div class=\"elementor-divider\">\n\t\t\t<span class=\"elementor-divider-separator\">\n\t\t\t\t\t\t<\/span>\n\t\t<\/div>\n\t\t\t\t\t\t<\/div>\n\t\t\t\t<div class=\"elementor-element elementor-element-130e069 elementor-widget__width-initial animated-slow elementor-invisible elementor-widget elementor-widget-text-editor\" data-id=\"130e069\" data-element_type=\"widget\" data-e-type=\"widget\" data-settings=\"{&quot;_animation&quot;:&quot;fadeInLeft&quot;}\" data-widget_type=\"text-editor.default\">\n\t\t\t\t\t\t\t\t\t<p>Um caos fundi\u00e1rio iluminado pelas linhas intensas de Uelinton Santana. Linhas delicadas de Hadna Abreu com aquarelas de mic\u00e9lios ressaltam a import\u00e2ncia da educa\u00e7\u00e3o, tema base para tudo e que muitas vezes \u00e9 invis\u00edvel como os fungos. Paula Sampaio com apenas duas cores imprime nas retinas consequ\u00eancias e registros de infraestruturas, outro tema central para uma agenda de desenvolvimento das Amaz\u00f4nias. Centrais tamb\u00e9m s\u00e3o a ci\u00eancia, tecnologia e inova\u00e7\u00e3o na constru\u00e7\u00e3o abstrata de Adriana Ramalho. Materialidade e imaterialidade aparecem nas colagens ancestrais e h\u00edbridas de Laiza Ferreira para compor um di\u00e1logo sobre floresta e energia. Energia que \u00e9 uma grandeza escalar conjugada ao tempo e que tamb\u00e9m d\u00e1 vida a manifesta\u00e7\u00f5es culturais como o Cururu, retratado por Rai Reis.<\/p>\t\t\t\t\t\t\t\t<\/div>\n\t\t\t\t<\/div>\n\t\t<div class=\"elementor-element elementor-element-6a6e5de e-con-full e-flex e-con e-child\" data-id=\"6a6e5de\" data-element_type=\"container\" data-e-type=\"container\" data-settings=\"{&quot;jet_parallax_layout_list&quot;:[]}\">\n\t\t\t\t<div class=\"elementor-element elementor-element-2cd5e6a elementor-skin-coverflow elementor-arrows-yes elementor-pagination-type-bullets elementor-pagination-position-outside elementor-widget elementor-widget-media-carousel\" data-id=\"2cd5e6a\" data-element_type=\"widget\" data-e-type=\"widget\" data-settings=\"{&quot;skin&quot;:&quot;coverflow&quot;,&quot;slides_per_view&quot;:&quot;3&quot;,&quot;autoplay_speed&quot;:2000,&quot;space_between&quot;:{&quot;unit&quot;:&quot;px&quot;,&quot;size&quot;:30,&quot;sizes&quot;:[]},&quot;show_arrows&quot;:&quot;yes&quot;,&quot;pagination&quot;:&quot;bullets&quot;,&quot;speed&quot;:500,&quot;autoplay&quot;:&quot;yes&quot;,&quot;loop&quot;:&quot;yes&quot;,&quot;pause_on_hover&quot;:&quot;yes&quot;,&quot;pause_on_interaction&quot;:&quot;yes&quot;,&quot;space_between_tablet&quot;:{&quot;unit&quot;:&quot;px&quot;,&quot;size&quot;:10,&quot;sizes&quot;:[]},&quot;space_between_mobile&quot;:{&quot;unit&quot;:&quot;px&quot;,&quot;size&quot;:10,&quot;sizes&quot;:[]}}\" data-widget_type=\"media-carousel.default\">\n\t\t\t\t\t\t\t\t\t\t<div class=\"elementor-main-swiper swiper\" role=\"region\" aria-roledescription=\"carousel\" aria-label=\"Slides\">\n\t\t\t\t<div class=\"swiper-wrapper\">\n\t\t\t\t\t\t\t\t\t\t\t<div class=\"swiper-slide\" role=\"group\" aria-roledescription=\"slide\">\n\t\t\t\t\t\t\t<a href=\"https:\/\/concertacaoamazonia.com.br\/wp-content\/uploads\/sites\/2\/2024\/09\/Outubro-2024-Rai-Reis-scaled.jpg\" data-elementor-open-lightbox=\"yes\" data-elementor-lightbox-slideshow=\"2cd5e6a\" data-elementor-lightbox-title=\"Outubro 2024 - Rai Reis\" data-e-action-hash=\"#elementor-action%3Aaction%3Dlightbox%26settings%3DeyJpZCI6NjE1NzUsInVybCI6Imh0dHBzOlwvXC9jb25jZXJ0YWNhb2FtYXpvbmlhLmNvbS5iclwvY3VsdHVyYVwvd3AtY29udGVudFwvdXBsb2Fkc1wvMjAyNFwvMDlcL091dHVicm8tMjAyNC1SYWktUmVpcy1zY2FsZWQuanBnIiwic2xpZGVzaG93IjoiMmNkNWU2YSJ9\">\t\t<div class=\"elementor-carousel-image\" role=\"img\" aria-label=\"Outubro 2024 - Rai Reis\" style=\"background-image: url(&#039;https:\/\/concertacaoamazonia.com.br\/cultura\/wp-content\/uploads\/2024\/09\/Outubro-2024-Rai-Reis-scaled.jpg&#039;)\">\n\n\t\t\t\n\t\t\t\t\t<\/div>\n\t\t<\/a>\t\t\t\t\t\t<\/div>\n\t\t\t\t\t\t\t\t\t\t\t<div class=\"swiper-slide\" role=\"group\" aria-roledescription=\"slide\">\n\t\t\t\t\t\t\t<a href=\"https:\/\/concertacaoamazonia.com.br\/wp-content\/uploads\/sites\/2\/2024\/09\/maio-2022.jpeg\" data-elementor-open-lightbox=\"yes\" data-elementor-lightbox-slideshow=\"2cd5e6a\" data-elementor-lightbox-title=\"Maio 2022\" data-e-action-hash=\"#elementor-action%3Aaction%3Dlightbox%26settings%3DeyJpZCI6NjA4MzUsInVybCI6Imh0dHBzOlwvXC9jb25jZXJ0YWNhb2FtYXpvbmlhLmNvbS5iclwvY3VsdHVyYVwvd3AtY29udGVudFwvdXBsb2Fkc1wvMjAyNFwvMDlcL21haW8tMjAyMi5qcGVnIiwic2xpZGVzaG93IjoiMmNkNWU2YSJ9\">\t\t<div class=\"elementor-carousel-image\" role=\"img\" aria-label=\"Maio 2022\" style=\"background-image: url(&#039;https:\/\/concertacaoamazonia.com.br\/cultura\/wp-content\/uploads\/2024\/09\/maio-2022.jpeg&#039;)\">\n\n\t\t\t\n\t\t\t\t\t<\/div>\n\t\t<\/a>\t\t\t\t\t\t<\/div>\n\t\t\t\t\t\t\t\t\t\t\t<div class=\"swiper-slide\" role=\"group\" aria-roledescription=\"slide\">\n\t\t\t\t\t\t\t<a href=\"https:\/\/concertacaoamazonia.com.br\/wp-content\/uploads\/sites\/2\/2024\/09\/Dezembro-2023.jpg\" data-elementor-open-lightbox=\"yes\" data-elementor-lightbox-slideshow=\"2cd5e6a\" data-elementor-lightbox-title=\"Dezembro 2023 - Laiza Ferreira\" data-e-action-hash=\"#elementor-action%3Aaction%3Dlightbox%26settings%3DeyJpZCI6NjE0NTMsInVybCI6Imh0dHBzOlwvXC9jb25jZXJ0YWNhb2FtYXpvbmlhLmNvbS5iclwvY3VsdHVyYVwvd3AtY29udGVudFwvdXBsb2Fkc1wvMjAyNFwvMDlcL0RlemVtYnJvLTIwMjMuanBnIiwic2xpZGVzaG93IjoiMmNkNWU2YSJ9\">\t\t<div class=\"elementor-carousel-image\" role=\"img\" aria-label=\"Dezembro 2023 - Laiza Ferreira\" style=\"background-image: url(&#039;https:\/\/concertacaoamazonia.com.br\/cultura\/wp-content\/uploads\/2024\/09\/Dezembro-2023.jpg&#039;)\">\n\n\t\t\t\n\t\t\t\t\t<\/div>\n\t\t<\/a>\t\t\t\t\t\t<\/div>\n\t\t\t\t\t\t\t\t\t\t\t<div class=\"swiper-slide\" role=\"group\" aria-roledescription=\"slide\">\n\t\t\t\t\t\t\t<a href=\"https:\/\/concertacaoamazonia.com.br\/wp-content\/uploads\/sites\/2\/2024\/09\/Agosto-2023-scaled.jpg\" data-elementor-open-lightbox=\"yes\" data-elementor-lightbox-slideshow=\"2cd5e6a\" data-elementor-lightbox-title=\"Agosto 2023 - Adna Abreu\" data-e-action-hash=\"#elementor-action%3Aaction%3Dlightbox%26settings%3DeyJpZCI6NjE0NTEsInVybCI6Imh0dHBzOlwvXC9jb25jZXJ0YWNhb2FtYXpvbmlhLmNvbS5iclwvY3VsdHVyYVwvd3AtY29udGVudFwvdXBsb2Fkc1wvMjAyNFwvMDlcL0Fnb3N0by0yMDIzLXNjYWxlZC5qcGciLCJzbGlkZXNob3ciOiIyY2Q1ZTZhIn0%3D\">\t\t<div class=\"elementor-carousel-image\" role=\"img\" aria-label=\"Agosto 2023 - Adna Abreu\" style=\"background-image: url(&#039;https:\/\/concertacaoamazonia.com.br\/cultura\/wp-content\/uploads\/2024\/09\/Agosto-2023-scaled.jpg&#039;)\">\n\n\t\t\t\n\t\t\t\t\t<\/div>\n\t\t<\/a>\t\t\t\t\t\t<\/div>\n\t\t\t\t\t\t\t\t\t\t\t<div class=\"swiper-slide\" role=\"group\" aria-roledescription=\"slide\">\n\t\t\t\t\t\t\t<a href=\"https:\/\/concertacaoamazonia.com.br\/wp-content\/uploads\/sites\/2\/2024\/09\/Outubro-2023.jpg\" data-elementor-open-lightbox=\"yes\" data-elementor-lightbox-slideshow=\"2cd5e6a\" data-elementor-lightbox-title=\"Outubro 2023 - Uelinton Santana\" data-e-action-hash=\"#elementor-action%3Aaction%3Dlightbox%26settings%3DeyJpZCI6NjE0NTcsInVybCI6Imh0dHBzOlwvXC9jb25jZXJ0YWNhb2FtYXpvbmlhLmNvbS5iclwvY3VsdHVyYVwvd3AtY29udGVudFwvdXBsb2Fkc1wvMjAyNFwvMDlcL091dHVicm8tMjAyMy5qcGciLCJzbGlkZXNob3ciOiIyY2Q1ZTZhIn0%3D\">\t\t<div class=\"elementor-carousel-image\" role=\"img\" aria-label=\"Outubro 2023 - Uelinton Santana\" style=\"background-image: url(&#039;https:\/\/concertacaoamazonia.com.br\/cultura\/wp-content\/uploads\/2024\/09\/Outubro-2023.jpg&#039;)\">\n\n\t\t\t\n\t\t\t\t\t<\/div>\n\t\t<\/a>\t\t\t\t\t\t<\/div>\n\t\t\t\t\t\t\t\t\t\t\t<div class=\"swiper-slide\" role=\"group\" aria-roledescription=\"slide\">\n\t\t\t\t\t\t\t<a href=\"https:\/\/concertacaoamazonia.com.br\/wp-content\/uploads\/sites\/2\/2024\/09\/Julho-2021-1-scaled.jpg\" data-elementor-open-lightbox=\"yes\" data-elementor-lightbox-slideshow=\"2cd5e6a\" data-elementor-lightbox-title=\"Julho 2021 - Paula Sampaio\" data-e-action-hash=\"#elementor-action%3Aaction%3Dlightbox%26settings%3DeyJpZCI6NjE0NjksInVybCI6Imh0dHBzOlwvXC9jb25jZXJ0YWNhb2FtYXpvbmlhLmNvbS5iclwvY3VsdHVyYVwvd3AtY29udGVudFwvdXBsb2Fkc1wvMjAyNFwvMDlcL0p1bGhvLTIwMjEtMS1zY2FsZWQuanBnIiwic2xpZGVzaG93IjoiMmNkNWU2YSJ9\">\t\t<div class=\"elementor-carousel-image\" role=\"img\" aria-label=\"Julho 2021 - Paula Sampaio\" style=\"background-image: url(&#039;https:\/\/concertacaoamazonia.com.br\/cultura\/wp-content\/uploads\/2024\/09\/Julho-2021-1-scaled.jpg&#039;)\">\n\n\t\t\t\n\t\t\t\t\t<\/div>\n\t\t<\/a>\t\t\t\t\t\t<\/div>\n\t\t\t\t\t\t\t\t\t\t\t<div class=\"swiper-slide\" role=\"group\" aria-roledescription=\"slide\">\n\t\t\t\t\t\t\t<a href=\"https:\/\/concertacaoamazonia.com.br\/wp-content\/uploads\/sites\/2\/2024\/09\/Junho-2024.jpg\" data-elementor-open-lightbox=\"yes\" data-elementor-lightbox-slideshow=\"2cd5e6a\" data-elementor-lightbox-title=\"Junho 2024 - Adriana Ramalho\" data-e-action-hash=\"#elementor-action%3Aaction%3Dlightbox%26settings%3DeyJpZCI6NjE0NDUsInVybCI6Imh0dHBzOlwvXC9jb25jZXJ0YWNhb2FtYXpvbmlhLmNvbS5iclwvY3VsdHVyYVwvd3AtY29udGVudFwvdXBsb2Fkc1wvMjAyNFwvMDlcL0p1bmhvLTIwMjQuanBnIiwic2xpZGVzaG93IjoiMmNkNWU2YSJ9\">\t\t<div class=\"elementor-carousel-image\" role=\"img\" aria-label=\"Junho 2024 - Adriana Ramalho\" style=\"background-image: url(&#039;https:\/\/concertacaoamazonia.com.br\/cultura\/wp-content\/uploads\/2024\/09\/Junho-2024.jpg&#039;)\">\n\n\t\t\t\n\t\t\t\t\t<\/div>\n\t\t<\/a>\t\t\t\t\t\t<\/div>\n\t\t\t\t\t\t\t\t\t<\/div>\n\t\t\t\t\t\t\t\t\t\t\t\t\t\t\t<div class=\"elementor-swiper-button elementor-swiper-button-prev\" role=\"button\" tabindex=\"0\" aria-label=\"Anterior\">\n\t\t\t\t\t\t\t<svg aria-hidden=\"true\" class=\"e-font-icon-svg e-eicon-chevron-left\" viewBox=\"0 0 1000 1000\" xmlns=\"http:\/\/www.w3.org\/2000\/svg\"><path d=\"M646 125C629 125 613 133 604 142L308 442C296 454 292 471 292 487 292 504 296 521 308 533L604 854C617 867 629 875 646 875 663 875 679 871 692 858 704 846 713 829 713 812 713 796 708 779 692 767L438 487 692 225C700 217 708 204 708 187 708 171 704 154 692 142 675 129 663 125 646 125Z\"><\/path><\/svg>\t\t\t\t\t\t<\/div>\n\t\t\t\t\t\t<div class=\"elementor-swiper-button elementor-swiper-button-next\" role=\"button\" tabindex=\"0\" aria-label=\"Pr\u00f3ximo\">\n\t\t\t\t\t\t\t<svg aria-hidden=\"true\" class=\"e-font-icon-svg e-eicon-chevron-right\" viewBox=\"0 0 1000 1000\" xmlns=\"http:\/\/www.w3.org\/2000\/svg\"><path d=\"M696 533C708 521 713 504 713 487 713 471 708 454 696 446L400 146C388 133 375 125 354 125 338 125 325 129 313 142 300 154 292 171 292 187 292 204 296 221 308 233L563 492 304 771C292 783 288 800 288 817 288 833 296 850 308 863 321 871 338 875 354 875 371 875 388 867 400 854L696 533Z\"><\/path><\/svg>\t\t\t\t\t\t<\/div>\n\t\t\t\t\t\t\t\t\t\t\t\t\t\t\t\t<div class=\"swiper-pagination\"><\/div>\n\t\t\t\t\t\t\t\t\t\t\t\t<\/div>\n\t\t\t\t\t\t\t\t<\/div>\n\t\t\t\t<div class=\"elementor-element elementor-element-1e8e8f3 elementor-widget elementor-widget-spacer\" data-id=\"1e8e8f3\" data-element_type=\"widget\" data-e-type=\"widget\" data-widget_type=\"spacer.default\">\n\t\t\t\t\t\t\t<div class=\"elementor-spacer\">\n\t\t\t<div class=\"elementor-spacer-inner\"><\/div>\n\t\t<\/div>\n\t\t\t\t\t\t<\/div>\n\t\t\t\t<div class=\"elementor-element elementor-element-094600c fechar-pagina elementor-widget elementor-widget-html\" data-id=\"094600c\" data-element_type=\"widget\" data-e-type=\"widget\" data-widget_type=\"html.default\">\n\t\t\t\t\t\r\n\r\n<style>\r\n    .meu-botao {\r\n        color: var(--e-global-color-e978a34) !important; \/* Cor da fonte *\/\r\n        background-color: var(--e-global-color-5376d26) !important; \/* Cor do fundo *\/\r\n        border: 2px solid var(--e-global-color-e978a34) !important; \/* Cor da borda *\/\r\n        padding: 10px 20px;\r\n        cursor: pointer;\r\n        text-align: center;\r\n        display: inline-block;\r\n        font-size: 16px;\r\n    }\r\n\r\n    .meu-botao:hover {\r\n        color:  var(--e-global-color-5376d26) !important; \/* Cor da fonte no hover *\/\r\n        background-color: var(--e-global-color-e978a34) !important; \/* Cor do fundo no hover *\/\r\n        border-color: var(--e-global-color-e978a34 !important; \/* Cor da borda no hover *\/\r\n    }\r\n    \r\n<\/style>\r\n\r\n<button class=\"meu-botao\">Fechar P\u00e1gina<\/button>\r\n\r\n\r\n<script type=\"text\/javascript\">\r\n    document.addEventListener('DOMContentLoaded', function () {\r\n        document.querySelector('.fechar-pagina').onclick = function () {\r\n            window.close();\r\n        };\r\n    });\r\n<\/script>\r\n\r\n\t\t\t\t<\/div>\n\t\t\t\t<\/div>\n\t\t\t\t<div class=\"elementor-element elementor-element-94c895e elementor-widget elementor-widget-spacer\" data-id=\"94c895e\" data-element_type=\"widget\" data-e-type=\"widget\" data-widget_type=\"spacer.default\">\n\t\t\t\t\t\t\t<div class=\"elementor-spacer\">\n\t\t\t<div class=\"elementor-spacer-inner\"><\/div>\n\t\t<\/div>\n\t\t\t\t\t\t<\/div>\n\t\t\t\t\t<\/div>\n\t\t\t\t<\/div>\n\t\t\t\t<\/div>\n\t\t","protected":false},"excerpt":{"rendered":"<p>(i)material Um caos fundi\u00e1rio iluminado pelas linhas intensas de Uelinton Santana. Linhas delicadas de Hadna Abreu com aquarelas de mic\u00e9lios ressaltam a import\u00e2ncia da educa\u00e7\u00e3o, tema base para tudo e que muitas vezes \u00e9 invis\u00edvel como os fungos. Paula Sampaio com apenas duas cores imprime nas retinas consequ\u00eancias e registros de infraestruturas, outro tema central [&hellip;]<\/p>\n","protected":false},"author":0,"featured_media":0,"parent":60775,"menu_order":0,"comment_status":"closed","ping_status":"closed","template":"","meta":{"footnotes":""},"class_list":["post-60785","page","type-page","status-publish","hentry"],"_links":{"self":[{"href":"https:\/\/concertacaoamazonia.com.br\/cultura\/wp-json\/wp\/v2\/pages\/60785","targetHints":{"allow":["GET"]}}],"collection":[{"href":"https:\/\/concertacaoamazonia.com.br\/cultura\/wp-json\/wp\/v2\/pages"}],"about":[{"href":"https:\/\/concertacaoamazonia.com.br\/cultura\/wp-json\/wp\/v2\/types\/page"}],"replies":[{"embeddable":true,"href":"https:\/\/concertacaoamazonia.com.br\/cultura\/wp-json\/wp\/v2\/comments?post=60785"}],"version-history":[{"count":0,"href":"https:\/\/concertacaoamazonia.com.br\/cultura\/wp-json\/wp\/v2\/pages\/60785\/revisions"}],"up":[{"embeddable":true,"href":"https:\/\/concertacaoamazonia.com.br\/cultura\/wp-json\/wp\/v2\/pages\/60775"}],"wp:attachment":[{"href":"https:\/\/concertacaoamazonia.com.br\/cultura\/wp-json\/wp\/v2\/media?parent=60785"}],"curies":[{"name":"wp","href":"https:\/\/api.w.org\/{rel}","templated":true}]}}