{"id":60780,"date":"2024-09-16T15:43:30","date_gmt":"2024-09-16T18:43:30","guid":{"rendered":"https:\/\/concertacaoamazonia.com.br\/?page_id=60780"},"modified":"2026-03-10T07:54:28","modified_gmt":"2026-03-10T10:54:28","slug":"nos-e-os-nos","status":"publish","type":"page","link":"https:\/\/concertacaoamazonia.com.br\/cultura\/porosidades\/nos-e-os-nos\/","title":{"rendered":"N\u00f3s e os N\u00f3s"},"content":{"rendered":"\t\t<div data-elementor-type=\"wp-page\" data-elementor-id=\"60780\" class=\"elementor elementor-60780\" data-elementor-post-type=\"page\">\n\t\t\t\t<div class=\"elementor-element elementor-element-c7fed17 e-flex e-con-boxed e-con e-parent\" data-id=\"c7fed17\" data-element_type=\"container\" data-e-type=\"container\" data-settings=\"{&quot;jet_parallax_layout_list&quot;:[]}\">\n\t\t\t\t\t<div class=\"e-con-inner\">\n\t\t<div class=\"elementor-element elementor-element-8738d38 e-con-full e-flex e-con e-child\" data-id=\"8738d38\" data-element_type=\"container\" data-e-type=\"container\" data-settings=\"{&quot;jet_parallax_layout_list&quot;:[]}\">\n\t\t\t\t<div class=\"elementor-element elementor-element-6443604 elementor-invisible elementor-widget elementor-widget-heading\" data-id=\"6443604\" data-element_type=\"widget\" data-e-type=\"widget\" data-settings=\"{&quot;_animation&quot;:&quot;fadeInLeft&quot;}\" data-widget_type=\"heading.default\">\n\t\t\t\t\t<h2 class=\"elementor-heading-title elementor-size-default\">N\u00f3s e os n\u00f3s<\/h2>\t\t\t\t<\/div>\n\t\t\t\t<div class=\"elementor-element elementor-element-f4f866f elementor-widget-divider--view-line elementor-invisible elementor-widget elementor-widget-divider\" data-id=\"f4f866f\" data-element_type=\"widget\" data-e-type=\"widget\" data-settings=\"{&quot;_animation&quot;:&quot;fadeInLeft&quot;}\" data-widget_type=\"divider.default\">\n\t\t\t\t\t\t\t<div class=\"elementor-divider\">\n\t\t\t<span class=\"elementor-divider-separator\">\n\t\t\t\t\t\t<\/span>\n\t\t<\/div>\n\t\t\t\t\t\t<\/div>\n\t\t\t\t<div class=\"elementor-element elementor-element-27d90b8 elementor-widget__width-initial animated-slow elementor-invisible elementor-widget elementor-widget-text-editor\" data-id=\"27d90b8\" data-element_type=\"widget\" data-e-type=\"widget\" data-settings=\"{&quot;_animation&quot;:&quot;fadeInLeft&quot;}\" data-widget_type=\"text-editor.default\">\n\t\t\t\t\t\t\t\t\t<p>A espiral h\u00edbrida com colagens de Rakel Caminha trazem o dinamismo e a contemporaneidade de tempos sobrepostos. Encontros que nos ajudam a quebrar estere\u00f3tipos, como as imagens de Denilson Baniwa: ora ressignificam personagens, ora apontam uma dire\u00e7\u00e3o. Encontros nos quais a voz e a literatura de Julie Dorrico nos lembram que as Amaz\u00f4nias s\u00e3o muitas, s\u00e3o al\u00e9m do Brasil. Dire\u00e7\u00e3o de eixos que se atravessam, que se influenciam, que conectam o tempo passado ao tempo futuro, suspenso pelos rios voadores da Companhia de Dan\u00e7a do Amazonas.<\/p>\t\t\t\t\t\t\t\t<\/div>\n\t\t\t\t<\/div>\n\t\t<div class=\"elementor-element elementor-element-91f304f e-con-full e-flex e-con e-child\" data-id=\"91f304f\" data-element_type=\"container\" data-e-type=\"container\" data-settings=\"{&quot;jet_parallax_layout_list&quot;:[]}\">\n\t\t\t\t<div class=\"elementor-element elementor-element-82db17f elementor-skin-coverflow elementor-arrows-yes elementor-pagination-type-bullets elementor-pagination-position-outside elementor-widget elementor-widget-media-carousel\" data-id=\"82db17f\" data-element_type=\"widget\" data-e-type=\"widget\" data-settings=\"{&quot;skin&quot;:&quot;coverflow&quot;,&quot;slides_per_view&quot;:&quot;3&quot;,&quot;autoplay_speed&quot;:2000,&quot;space_between&quot;:{&quot;unit&quot;:&quot;px&quot;,&quot;size&quot;:30,&quot;sizes&quot;:[]},&quot;show_arrows&quot;:&quot;yes&quot;,&quot;pagination&quot;:&quot;bullets&quot;,&quot;speed&quot;:500,&quot;autoplay&quot;:&quot;yes&quot;,&quot;loop&quot;:&quot;yes&quot;,&quot;pause_on_hover&quot;:&quot;yes&quot;,&quot;pause_on_interaction&quot;:&quot;yes&quot;,&quot;space_between_tablet&quot;:{&quot;unit&quot;:&quot;px&quot;,&quot;size&quot;:10,&quot;sizes&quot;:[]},&quot;space_between_mobile&quot;:{&quot;unit&quot;:&quot;px&quot;,&quot;size&quot;:10,&quot;sizes&quot;:[]}}\" data-widget_type=\"media-carousel.default\">\n\t\t\t\t\t\t\t\t\t\t<div class=\"elementor-main-swiper swiper\" role=\"region\" aria-roledescription=\"carousel\" aria-label=\"Slides\">\n\t\t\t\t<div class=\"swiper-wrapper\">\n\t\t\t\t\t\t\t\t\t\t\t<div class=\"swiper-slide\" role=\"group\" aria-roledescription=\"slide\">\n\t\t\t\t\t\t\t<a href=\"https:\/\/concertacaoamazonia.com.br\/wp-content\/uploads\/sites\/2\/2024\/09\/set-2021.jpeg\" data-elementor-open-lightbox=\"yes\" data-elementor-lightbox-slideshow=\"82db17f\" data-elementor-lightbox-title=\"Setembro  2021 - Rakel Caminha\" data-e-action-hash=\"#elementor-action%3Aaction%3Dlightbox%26settings%3DeyJpZCI6NjA4NTcsInVybCI6Imh0dHBzOlwvXC9jb25jZXJ0YWNhb2FtYXpvbmlhLmNvbS5iclwvY3VsdHVyYVwvd3AtY29udGVudFwvdXBsb2Fkc1wvMjAyNFwvMDlcL3NldC0yMDIxLmpwZWciLCJzbGlkZXNob3ciOiI4MmRiMTdmIn0%3D\">\t\t<div class=\"elementor-carousel-image\" role=\"img\" aria-label=\"Setembro  2021 - Rakel Caminha\" style=\"background-image: url(&#039;https:\/\/concertacaoamazonia.com.br\/cultura\/wp-content\/uploads\/2024\/09\/set-2021.jpeg&#039;)\">\n\n\t\t\t\n\t\t\t\t\t<\/div>\n\t\t<\/a>\t\t\t\t\t\t<\/div>\n\t\t\t\t\t\t\t\t\t\t\t<div class=\"swiper-slide\" role=\"group\" aria-roledescription=\"slide\">\n\t\t\t\t\t\t\t<a href=\"https:\/\/concertacaoamazonia.com.br\/wp-content\/uploads\/sites\/2\/2024\/09\/fev-2021.jpeg\" data-elementor-open-lightbox=\"yes\" data-elementor-lightbox-slideshow=\"82db17f\" data-elementor-lightbox-title=\"Fevereiro 2021\" data-e-action-hash=\"#elementor-action%3Aaction%3Dlightbox%26settings%3DeyJpZCI6NjA4NTksInVybCI6Imh0dHBzOlwvXC9jb25jZXJ0YWNhb2FtYXpvbmlhLmNvbS5iclwvY3VsdHVyYVwvd3AtY29udGVudFwvdXBsb2Fkc1wvMjAyNFwvMDlcL2Zldi0yMDIxLmpwZWciLCJzbGlkZXNob3ciOiI4MmRiMTdmIn0%3D\">\t\t<div class=\"elementor-carousel-image\" role=\"img\" aria-label=\"Fevereiro 2021\" style=\"background-image: url(&#039;https:\/\/concertacaoamazonia.com.br\/cultura\/wp-content\/uploads\/2024\/09\/fev-2021.jpeg&#039;)\">\n\n\t\t\t\n\t\t\t\t\t<\/div>\n\t\t<\/a>\t\t\t\t\t\t<\/div>\n\t\t\t\t\t\t\t\t\t\t\t<div class=\"swiper-slide\" role=\"group\" aria-roledescription=\"slide\">\n\t\t\t\t\t\t\t<a href=\"https:\/\/concertacaoamazonia.com.br\/wp-content\/uploads\/sites\/2\/2024\/09\/dez-2021.jpeg\" data-elementor-open-lightbox=\"yes\" data-elementor-lightbox-slideshow=\"82db17f\" data-elementor-lightbox-title=\"Dezembro 2021 - Denilson Baniwa\" data-e-action-hash=\"#elementor-action%3Aaction%3Dlightbox%26settings%3DeyJpZCI6NjA4NjEsInVybCI6Imh0dHBzOlwvXC9jb25jZXJ0YWNhb2FtYXpvbmlhLmNvbS5iclwvY3VsdHVyYVwvd3AtY29udGVudFwvdXBsb2Fkc1wvMjAyNFwvMDlcL2Rlei0yMDIxLmpwZWciLCJzbGlkZXNob3ciOiI4MmRiMTdmIn0%3D\">\t\t<div class=\"elementor-carousel-image\" role=\"img\" aria-label=\"Dezembro 2021 - Denilson Baniwa\" style=\"background-image: url(&#039;https:\/\/concertacaoamazonia.com.br\/cultura\/wp-content\/uploads\/2024\/09\/dez-2021.jpeg&#039;)\">\n\n\t\t\t\n\t\t\t\t\t<\/div>\n\t\t<\/a>\t\t\t\t\t\t<\/div>\n\t\t\t\t\t\t\t\t\t\t\t<div class=\"swiper-slide\" role=\"group\" aria-roledescription=\"slide\">\n\t\t\t\t\t\t\t<a href=\"https:\/\/concertacaoamazonia.com.br\/wp-content\/uploads\/sites\/2\/2024\/09\/out-2021.jpeg\" data-elementor-open-lightbox=\"yes\" data-elementor-lightbox-slideshow=\"82db17f\" data-elementor-lightbox-title=\"Outubro 2021 - Denilson Baniwa\" data-e-action-hash=\"#elementor-action%3Aaction%3Dlightbox%26settings%3DeyJpZCI6NjA4NjMsInVybCI6Imh0dHBzOlwvXC9jb25jZXJ0YWNhb2FtYXpvbmlhLmNvbS5iclwvY3VsdHVyYVwvd3AtY29udGVudFwvdXBsb2Fkc1wvMjAyNFwvMDlcL291dC0yMDIxLmpwZWciLCJzbGlkZXNob3ciOiI4MmRiMTdmIn0%3D\">\t\t<div class=\"elementor-carousel-image\" role=\"img\" aria-label=\"Outubro 2021 - Denilson Baniwa\" style=\"background-image: url(&#039;https:\/\/concertacaoamazonia.com.br\/cultura\/wp-content\/uploads\/2024\/09\/out-2021.jpeg&#039;)\">\n\n\t\t\t\n\t\t\t\t\t<\/div>\n\t\t<\/a>\t\t\t\t\t\t<\/div>\n\t\t\t\t\t\t\t\t\t\t\t<div class=\"swiper-slide\" role=\"group\" aria-roledescription=\"slide\">\n\t\t\t\t\t\t\t<a href=\"https:\/\/concertacaoamazonia.com.br\/wp-content\/uploads\/sites\/2\/2024\/09\/Dezembro-2022-scaled.jpg\" data-elementor-open-lightbox=\"yes\" data-elementor-lightbox-slideshow=\"82db17f\" data-elementor-lightbox-title=\"Dezembro 2022 - Companhia de Dan\u00e7a do Amazonas\" data-e-action-hash=\"#elementor-action%3Aaction%3Dlightbox%26settings%3DeyJpZCI6NjE0NjEsInVybCI6Imh0dHBzOlwvXC9jb25jZXJ0YWNhb2FtYXpvbmlhLmNvbS5iclwvY3VsdHVyYVwvd3AtY29udGVudFwvdXBsb2Fkc1wvMjAyNFwvMDlcL0RlemVtYnJvLTIwMjItc2NhbGVkLmpwZyIsInNsaWRlc2hvdyI6IjgyZGIxN2YifQ%3D%3D\">\t\t<div class=\"elementor-carousel-image\" role=\"img\" aria-label=\"Dezembro 2022 - Companhia de Dan\u00e7a do Amazonas\" style=\"background-image: url(&#039;https:\/\/concertacaoamazonia.com.br\/cultura\/wp-content\/uploads\/2024\/09\/Dezembro-2022-scaled.jpg&#039;)\">\n\n\t\t\t\n\t\t\t\t\t<\/div>\n\t\t<\/a>\t\t\t\t\t\t<\/div>\n\t\t\t\t\t\t\t\t\t<\/div>\n\t\t\t\t\t\t\t\t\t\t\t\t\t\t\t<div class=\"elementor-swiper-button elementor-swiper-button-prev\" role=\"button\" tabindex=\"0\" aria-label=\"Anterior\">\n\t\t\t\t\t\t\t<svg aria-hidden=\"true\" class=\"e-font-icon-svg e-eicon-chevron-left\" viewBox=\"0 0 1000 1000\" xmlns=\"http:\/\/www.w3.org\/2000\/svg\"><path d=\"M646 125C629 125 613 133 604 142L308 442C296 454 292 471 292 487 292 504 296 521 308 533L604 854C617 867 629 875 646 875 663 875 679 871 692 858 704 846 713 829 713 812 713 796 708 779 692 767L438 487 692 225C700 217 708 204 708 187 708 171 704 154 692 142 675 129 663 125 646 125Z\"><\/path><\/svg>\t\t\t\t\t\t<\/div>\n\t\t\t\t\t\t<div class=\"elementor-swiper-button elementor-swiper-button-next\" role=\"button\" tabindex=\"0\" aria-label=\"Pr\u00f3ximo\">\n\t\t\t\t\t\t\t<svg aria-hidden=\"true\" class=\"e-font-icon-svg e-eicon-chevron-right\" viewBox=\"0 0 1000 1000\" xmlns=\"http:\/\/www.w3.org\/2000\/svg\"><path d=\"M696 533C708 521 713 504 713 487 713 471 708 454 696 446L400 146C388 133 375 125 354 125 338 125 325 129 313 142 300 154 292 171 292 187 292 204 296 221 308 233L563 492 304 771C292 783 288 800 288 817 288 833 296 850 308 863 321 871 338 875 354 875 371 875 388 867 400 854L696 533Z\"><\/path><\/svg>\t\t\t\t\t\t<\/div>\n\t\t\t\t\t\t\t\t\t\t\t\t\t\t\t\t<div class=\"swiper-pagination\"><\/div>\n\t\t\t\t\t\t\t\t\t\t\t\t<\/div>\n\t\t\t\t\t\t\t\t<\/div>\n\t\t\t\t<div class=\"elementor-element elementor-element-4c67b4b elementor-widget elementor-widget-spacer\" data-id=\"4c67b4b\" data-element_type=\"widget\" data-e-type=\"widget\" data-widget_type=\"spacer.default\">\n\t\t\t\t\t\t\t<div class=\"elementor-spacer\">\n\t\t\t<div class=\"elementor-spacer-inner\"><\/div>\n\t\t<\/div>\n\t\t\t\t\t\t<\/div>\n\t\t\t\t<div class=\"elementor-element elementor-element-ef682c4 fechar-pagina elementor-widget elementor-widget-html\" data-id=\"ef682c4\" data-element_type=\"widget\" data-e-type=\"widget\" data-widget_type=\"html.default\">\n\t\t\t\t\t\r\n\r\n<style>\r\n    .meu-botao {\r\n        color: var(--e-global-color-e978a34) !important; \/* Cor da fonte *\/\r\n        background-color: var(--e-global-color-5376d26) !important; \/* Cor do fundo *\/\r\n        border: 2px solid var(--e-global-color-e978a34) !important; \/* Cor da borda *\/\r\n        padding: 10px 20px;\r\n        cursor: pointer;\r\n        text-align: center;\r\n        display: inline-block;\r\n        font-size: 16px;\r\n    }\r\n\r\n    .meu-botao:hover {\r\n        color:  var(--e-global-color-5376d26) !important; \/* Cor da fonte no hover *\/\r\n        background-color: var(--e-global-color-e978a34) !important; \/* Cor do fundo no hover *\/\r\n        border-color: var(--e-global-color-e978a34 !important; \/* Cor da borda no hover *\/\r\n    }\r\n    \r\n<\/style>\r\n\r\n<button class=\"meu-botao\">Fechar P\u00e1gina<\/button>\r\n\r\n\r\n<script type=\"text\/javascript\">\r\n    document.addEventListener('DOMContentLoaded', function () {\r\n        document.querySelector('.fechar-pagina').onclick = function () {\r\n            window.close();\r\n        };\r\n    });\r\n<\/script>\r\n\r\n\t\t\t\t<\/div>\n\t\t\t\t<\/div>\n\t\t\t\t\t<\/div>\n\t\t\t\t<\/div>\n\t\t\t\t<\/div>\n\t\t","protected":false},"excerpt":{"rendered":"<p>N\u00f3s e os n\u00f3s A espiral h\u00edbrida com colagens de Rakel Caminha trazem o dinamismo e a contemporaneidade de tempos sobrepostos. Encontros que nos ajudam a quebrar estere\u00f3tipos, como as imagens de Denilson Baniwa: ora ressignificam personagens, ora apontam uma dire\u00e7\u00e3o. Encontros nos quais a voz e a literatura de Julie Dorrico nos lembram que [&hellip;]<\/p>\n","protected":false},"author":0,"featured_media":0,"parent":60775,"menu_order":0,"comment_status":"closed","ping_status":"closed","template":"","meta":{"footnotes":""},"class_list":["post-60780","page","type-page","status-publish","hentry"],"_links":{"self":[{"href":"https:\/\/concertacaoamazonia.com.br\/cultura\/wp-json\/wp\/v2\/pages\/60780","targetHints":{"allow":["GET"]}}],"collection":[{"href":"https:\/\/concertacaoamazonia.com.br\/cultura\/wp-json\/wp\/v2\/pages"}],"about":[{"href":"https:\/\/concertacaoamazonia.com.br\/cultura\/wp-json\/wp\/v2\/types\/page"}],"replies":[{"embeddable":true,"href":"https:\/\/concertacaoamazonia.com.br\/cultura\/wp-json\/wp\/v2\/comments?post=60780"}],"version-history":[{"count":5,"href":"https:\/\/concertacaoamazonia.com.br\/cultura\/wp-json\/wp\/v2\/pages\/60780\/revisions"}],"predecessor-version":[{"id":89773,"href":"https:\/\/concertacaoamazonia.com.br\/cultura\/wp-json\/wp\/v2\/pages\/60780\/revisions\/89773"}],"up":[{"embeddable":true,"href":"https:\/\/concertacaoamazonia.com.br\/cultura\/wp-json\/wp\/v2\/pages\/60775"}],"wp:attachment":[{"href":"https:\/\/concertacaoamazonia.com.br\/cultura\/wp-json\/wp\/v2\/media?parent=60780"}],"curies":[{"name":"wp","href":"https:\/\/api.w.org\/{rel}","templated":true}]}}